{"id":8,"date":"2020-06-05T13:45:52","date_gmt":"2020-06-05T16:45:52","guid":{"rendered":"https:\/\/crematoriorecantodapaz.com.br\/crematorioveterinario\/?page_id=8"},"modified":"2020-06-07T17:20:41","modified_gmt":"2020-06-07T20:20:41","slug":"cremacao","status":"publish","type":"page","link":"https:\/\/crematoriorecantodapaz.com.br\/crematorioveterinario\/cremacao\/","title":{"rendered":"Crema\u00e7\u00e3o"},"content":{"rendered":"<p>O <a href=\"https:\/\/crematoriorecantodapaz.com.br\/crematorioveterinario\/a-empresa\/\"><strong>Cremat\u00f3rio Veterin\u00e1rio Recanto da Paz<\/strong> <\/a>atua com servi\u00e7os\u00a0 completos de crema\u00e7\u00e3o, disponibilizando:<\/p>\n<div class=\"su-table su-table-alternate\">\n<table>\n<tbody>\n<tr>\n<td>Servi\u00e7o de crema\u00e7\u00e3o individual<\/td>\n<\/tr>\n<tr>\n<td>Servi\u00e7o de crema\u00e7\u00e3o coletiva<\/td>\n<\/tr>\n<tr>\n<td>Sala para vel\u00f3rio e cerimonial<\/td>\n<\/tr>\n<tr>\n<td><a href=\"https:\/\/crematoriorecantodapaz.com.br\/crematorioveterinario\/urnas\/\">Urnas<\/a><\/td>\n<\/tr>\n<tr>\n<td>Certificado de crema\u00e7\u00e3o<\/td>\n<\/tr>\n<tr>\n<td>Amplo Estacionamento<\/td>\n<\/tr>\n<\/tbody>\n<\/table>\n<\/div>\n<div class=\"su-note\"  style=\"border-color:#dcdcdc;border-radius:3px;-moz-border-radius:3px;-webkit-border-radius:3px;\"><div class=\"su-note-inner su-u-clearfix su-u-trim\" style=\"background-color:#f6f6f6;border-color:#ffffff;color:#333333;border-radius:3px;-moz-border-radius:3px;-webkit-border-radius:3px;\">\n<h2>Crema\u00e7\u00e3o individual ou coletiva, por pre\u00e7os acess\u00edveis!<\/h2>\n<p>Em \u00e1rea arborizada, com bela vista para as montanhas, temos servi\u00e7o de crema\u00e7\u00e3o individual ou coletiva. <\/div><\/div>\n<div class=\"su-image-carousel  su-image-carousel-has-spacing su-image-carousel-crop su-image-carousel-crop-4-3 su-image-carousel-has-lightbox su-image-carousel-has-outline su-image-carousel-adaptive su-image-carousel-slides-style-photo su-image-carousel-controls-style-dark su-image-carousel-align-none\" style=\"\" data-flickity-options='{\"groupCells\":true,\"cellSelector\":\".su-image-carousel-item\",\"adaptiveHeight\":false,\"cellAlign\":\"left\",\"prevNextButtons\":true,\"pageDots\":true,\"autoPlay\":5000,\"imagesLoaded\":true,\"contain\":true,\"selectedAttraction\":0.025000000000000001387778780781445675529539585113525390625,\"friction\":0.2800000000000000266453525910037569701671600341796875}' id=\"su_image_carousel_69fb5cb6c2673\"><div class=\"su-image-carousel-item\"><div class=\"su-image-carousel-item-content\"><a href=\"https:\/\/crematoriorecantodapaz.com.br\/crematorioveterinario\/wp-content\/uploads\/2020\/06\/200.png\" data-caption=\"Cremat\u00f3rio\"><img loading=\"lazy\" decoding=\"async\" width=\"800\" height=\"600\" src=\"https:\/\/crematoriorecantodapaz.com.br\/crematorioveterinario\/wp-content\/uploads\/2020\/06\/200.png\" class=\"\" alt=\"Cremat\u00f3rio Veterin\u00e1rio Recanto da Paz\" srcset=\"https:\/\/crematoriorecantodapaz.com.br\/crematorioveterinario\/wp-content\/uploads\/2020\/06\/200.png 800w, https:\/\/crematoriorecantodapaz.com.br\/crematorioveterinario\/wp-content\/uploads\/2020\/06\/200-300x225.png 300w, https:\/\/crematoriorecantodapaz.com.br\/crematorioveterinario\/wp-content\/uploads\/2020\/06\/200-768x576.png 768w\" sizes=\"auto, (max-width: 800px) 100vw, 800px\" \/><\/a><\/div><\/div><div class=\"su-image-carousel-item\"><div class=\"su-image-carousel-item-content\"><a href=\"https:\/\/crematoriorecantodapaz.com.br\/crematorioveterinario\/wp-content\/uploads\/2020\/06\/201.jpg\" data-caption=\"O Cremat\u00f3rio\"><img loading=\"lazy\" decoding=\"async\" width=\"800\" height=\"600\" src=\"https:\/\/crematoriorecantodapaz.com.br\/crematorioveterinario\/wp-content\/uploads\/2020\/06\/201.jpg\" class=\"\" alt=\"Cremat\u00f3rio Veterin\u00e1rio Recanto da Paz\" srcset=\"https:\/\/crematoriorecantodapaz.com.br\/crematorioveterinario\/wp-content\/uploads\/2020\/06\/201.jpg 800w, https:\/\/crematoriorecantodapaz.com.br\/crematorioveterinario\/wp-content\/uploads\/2020\/06\/201-300x225.jpg 300w, https:\/\/crematoriorecantodapaz.com.br\/crematorioveterinario\/wp-content\/uploads\/2020\/06\/201-768x576.jpg 768w\" sizes=\"auto, (max-width: 800px) 100vw, 800px\" \/><\/a><\/div><\/div><div class=\"su-image-carousel-item\"><div class=\"su-image-carousel-item-content\"><a href=\"https:\/\/crematoriorecantodapaz.com.br\/crematorioveterinario\/wp-content\/uploads\/2020\/06\/202.jpg\" data-caption=\"O Cremat\u00f3rio\"><img loading=\"lazy\" decoding=\"async\" width=\"800\" height=\"600\" src=\"https:\/\/crematoriorecantodapaz.com.br\/crematorioveterinario\/wp-content\/uploads\/2020\/06\/202.jpg\" class=\"\" alt=\"Cremat\u00f3rio Veterin\u00e1rio Recanto da Paz\" srcset=\"https:\/\/crematoriorecantodapaz.com.br\/crematorioveterinario\/wp-content\/uploads\/2020\/06\/202.jpg 800w, https:\/\/crematoriorecantodapaz.com.br\/crematorioveterinario\/wp-content\/uploads\/2020\/06\/202-300x225.jpg 300w, https:\/\/crematoriorecantodapaz.com.br\/crematorioveterinario\/wp-content\/uploads\/2020\/06\/202-768x576.jpg 768w\" sizes=\"auto, (max-width: 800px) 100vw, 800px\" \/><\/a><\/div><\/div><div class=\"su-image-carousel-item\"><div class=\"su-image-carousel-item-content\"><a href=\"https:\/\/crematoriorecantodapaz.com.br\/crematorioveterinario\/wp-content\/uploads\/2020\/06\/203.jpg\" data-caption=\"Forno do Cremat\u00f3rio\"><img loading=\"lazy\" decoding=\"async\" width=\"800\" height=\"600\" src=\"https:\/\/crematoriorecantodapaz.com.br\/crematorioveterinario\/wp-content\/uploads\/2020\/06\/203.jpg\" class=\"\" alt=\"Cremat\u00f3rio Veterin\u00e1rio Recanto da Paz\" srcset=\"https:\/\/crematoriorecantodapaz.com.br\/crematorioveterinario\/wp-content\/uploads\/2020\/06\/203.jpg 800w, https:\/\/crematoriorecantodapaz.com.br\/crematorioveterinario\/wp-content\/uploads\/2020\/06\/203-300x225.jpg 300w, https:\/\/crematoriorecantodapaz.com.br\/crematorioveterinario\/wp-content\/uploads\/2020\/06\/203-768x576.jpg 768w\" sizes=\"auto, (max-width: 800px) 100vw, 800px\" \/><\/a><\/div><\/div><div class=\"su-image-carousel-item\"><div class=\"su-image-carousel-item-content\"><a href=\"https:\/\/crematoriorecantodapaz.com.br\/crematorioveterinario\/wp-content\/uploads\/2020\/06\/205.jpg\" data-caption=\"Forno do Cremat\u00f3rio\"><img loading=\"lazy\" decoding=\"async\" width=\"800\" height=\"600\" src=\"https:\/\/crematoriorecantodapaz.com.br\/crematorioveterinario\/wp-content\/uploads\/2020\/06\/205.jpg\" class=\"\" alt=\"Cremat\u00f3rio Veterin\u00e1rio Recanto da Paz\" srcset=\"https:\/\/crematoriorecantodapaz.com.br\/crematorioveterinario\/wp-content\/uploads\/2020\/06\/205.jpg 800w, https:\/\/crematoriorecantodapaz.com.br\/crematorioveterinario\/wp-content\/uploads\/2020\/06\/205-300x225.jpg 300w, https:\/\/crematoriorecantodapaz.com.br\/crematorioveterinario\/wp-content\/uploads\/2020\/06\/205-768x576.jpg 768w\" sizes=\"auto, (max-width: 800px) 100vw, 800px\" \/><\/a><\/div><\/div><div class=\"su-image-carousel-item\"><div class=\"su-image-carousel-item-content\"><a href=\"https:\/\/crematoriorecantodapaz.com.br\/crematorioveterinario\/wp-content\/uploads\/2020\/06\/206.jpg\" data-caption=\"\"><img loading=\"lazy\" decoding=\"async\" width=\"800\" height=\"600\" src=\"https:\/\/crematoriorecantodapaz.com.br\/crematorioveterinario\/wp-content\/uploads\/2020\/06\/206.jpg\" class=\"\" alt=\"Cremat\u00f3rio Veterin\u00e1rio Recanto da Paz\" srcset=\"https:\/\/crematoriorecantodapaz.com.br\/crematorioveterinario\/wp-content\/uploads\/2020\/06\/206.jpg 800w, https:\/\/crematoriorecantodapaz.com.br\/crematorioveterinario\/wp-content\/uploads\/2020\/06\/206-300x225.jpg 300w, https:\/\/crematoriorecantodapaz.com.br\/crematorioveterinario\/wp-content\/uploads\/2020\/06\/206-768x576.jpg 768w\" sizes=\"auto, (max-width: 800px) 100vw, 800px\" \/><\/a><\/div><\/div><div class=\"su-image-carousel-item\"><div class=\"su-image-carousel-item-content\"><a href=\"https:\/\/crematoriorecantodapaz.com.br\/crematorioveterinario\/wp-content\/uploads\/2020\/06\/207.jpg\" data-caption=\"Instala\u00e7\u00f5es\"><img loading=\"lazy\" decoding=\"async\" width=\"800\" height=\"600\" src=\"https:\/\/crematoriorecantodapaz.com.br\/crematorioveterinario\/wp-content\/uploads\/2020\/06\/207.jpg\" class=\"\" alt=\"Cremat\u00f3rio Veterin\u00e1rio Recanto da Paz\" srcset=\"https:\/\/crematoriorecantodapaz.com.br\/crematorioveterinario\/wp-content\/uploads\/2020\/06\/207.jpg 800w, https:\/\/crematoriorecantodapaz.com.br\/crematorioveterinario\/wp-content\/uploads\/2020\/06\/207-300x225.jpg 300w, https:\/\/crematoriorecantodapaz.com.br\/crematorioveterinario\/wp-content\/uploads\/2020\/06\/207-768x576.jpg 768w\" sizes=\"auto, (max-width: 800px) 100vw, 800px\" \/><\/a><\/div><\/div><div class=\"su-image-carousel-item\"><div class=\"su-image-carousel-item-content\"><a href=\"https:\/\/crematoriorecantodapaz.com.br\/crematorioveterinario\/wp-content\/uploads\/2020\/06\/208.jpg\" data-caption=\"Estacionamento\"><img loading=\"lazy\" decoding=\"async\" width=\"800\" height=\"600\" src=\"https:\/\/crematoriorecantodapaz.com.br\/crematorioveterinario\/wp-content\/uploads\/2020\/06\/208.jpg\" class=\"\" alt=\"Cremat\u00f3rio Veterin\u00e1rio Recanto da Paz\" srcset=\"https:\/\/crematoriorecantodapaz.com.br\/crematorioveterinario\/wp-content\/uploads\/2020\/06\/208.jpg 800w, https:\/\/crematoriorecantodapaz.com.br\/crematorioveterinario\/wp-content\/uploads\/2020\/06\/208-300x225.jpg 300w, https:\/\/crematoriorecantodapaz.com.br\/crematorioveterinario\/wp-content\/uploads\/2020\/06\/208-768x576.jpg 768w\" sizes=\"auto, (max-width: 800px) 100vw, 800px\" \/><\/a><\/div><\/div><div class=\"su-image-carousel-item\"><div class=\"su-image-carousel-item-content\"><a href=\"https:\/\/crematoriorecantodapaz.com.br\/crematorioveterinario\/wp-content\/uploads\/2020\/06\/209.jpg\" data-caption=\"Sala de Vel\u00f3rio\"><img loading=\"lazy\" decoding=\"async\" width=\"800\" height=\"600\" src=\"https:\/\/crematoriorecantodapaz.com.br\/crematorioveterinario\/wp-content\/uploads\/2020\/06\/209.jpg\" class=\"\" alt=\"Cremat\u00f3rio Veterin\u00e1rio Recanto da Paz\" srcset=\"https:\/\/crematoriorecantodapaz.com.br\/crematorioveterinario\/wp-content\/uploads\/2020\/06\/209.jpg 800w, https:\/\/crematoriorecantodapaz.com.br\/crematorioveterinario\/wp-content\/uploads\/2020\/06\/209-300x225.jpg 300w, https:\/\/crematoriorecantodapaz.com.br\/crematorioveterinario\/wp-content\/uploads\/2020\/06\/209-768x576.jpg 768w\" sizes=\"auto, (max-width: 800px) 100vw, 800px\" \/><\/a><\/div><\/div><div class=\"su-image-carousel-item\"><div class=\"su-image-carousel-item-content\"><a href=\"https:\/\/crematoriorecantodapaz.com.br\/crematorioveterinario\/wp-content\/uploads\/2020\/06\/210.jpg\" data-caption=\"Forno e C\u00e2maras\"><img loading=\"lazy\" decoding=\"async\" width=\"800\" height=\"600\" src=\"https:\/\/crematoriorecantodapaz.com.br\/crematorioveterinario\/wp-content\/uploads\/2020\/06\/210.jpg\" class=\"\" alt=\"Cremat\u00f3rio Veterin\u00e1rio Recanto da Paz\" srcset=\"https:\/\/crematoriorecantodapaz.com.br\/crematorioveterinario\/wp-content\/uploads\/2020\/06\/210.jpg 800w, https:\/\/crematoriorecantodapaz.com.br\/crematorioveterinario\/wp-content\/uploads\/2020\/06\/210-300x225.jpg 300w, https:\/\/crematoriorecantodapaz.com.br\/crematorioveterinario\/wp-content\/uploads\/2020\/06\/210-768x576.jpg 768w\" sizes=\"auto, (max-width: 800px) 100vw, 800px\" \/><\/a><\/div><\/div><div class=\"su-image-carousel-item\"><div class=\"su-image-carousel-item-content\"><a href=\"https:\/\/crematoriorecantodapaz.com.br\/crematorioveterinario\/wp-content\/uploads\/2020\/06\/215.jpg\" data-caption=\"O Cremat\u00f3rio\"><img loading=\"lazy\" decoding=\"async\" width=\"800\" height=\"600\" src=\"https:\/\/crematoriorecantodapaz.com.br\/crematorioveterinario\/wp-content\/uploads\/2020\/06\/215.jpg\" class=\"\" alt=\"Cremat\u00f3rio Veterin\u00e1rio Recanto da Paz\" srcset=\"https:\/\/crematoriorecantodapaz.com.br\/crematorioveterinario\/wp-content\/uploads\/2020\/06\/215.jpg 800w, https:\/\/crematoriorecantodapaz.com.br\/crematorioveterinario\/wp-content\/uploads\/2020\/06\/215-300x225.jpg 300w, https:\/\/crematoriorecantodapaz.com.br\/crematorioveterinario\/wp-content\/uploads\/2020\/06\/215-768x576.jpg 768w\" sizes=\"auto, (max-width: 800px) 100vw, 800px\" \/><\/a><\/div><\/div><div class=\"su-image-carousel-item\"><div class=\"su-image-carousel-item-content\"><a href=\"https:\/\/crematoriorecantodapaz.com.br\/crematorioveterinario\/wp-content\/uploads\/2020\/06\/218.jpg\" data-caption=\"Sala de Vel\u00f3rio\"><img loading=\"lazy\" decoding=\"async\" width=\"800\" height=\"600\" src=\"https:\/\/crematoriorecantodapaz.com.br\/crematorioveterinario\/wp-content\/uploads\/2020\/06\/218.jpg\" class=\"\" alt=\"Cremat\u00f3rio Veterin\u00e1rio Recanto da Paz\" srcset=\"https:\/\/crematoriorecantodapaz.com.br\/crematorioveterinario\/wp-content\/uploads\/2020\/06\/218.jpg 800w, https:\/\/crematoriorecantodapaz.com.br\/crematorioveterinario\/wp-content\/uploads\/2020\/06\/218-300x225.jpg 300w, https:\/\/crematoriorecantodapaz.com.br\/crematorioveterinario\/wp-content\/uploads\/2020\/06\/218-768x576.jpg 768w\" sizes=\"auto, (max-width: 800px) 100vw, 800px\" \/><\/a><\/div><\/div><\/div><script id=\"su_image_carousel_69fb5cb6c2673_script\">if(window.SUImageCarousel){setTimeout(function() {window.SUImageCarousel.initGallery(document.getElementById(\"su_image_carousel_69fb5cb6c2673\"))}, 0);}var su_image_carousel_69fb5cb6c2673_script=document.getElementById(\"su_image_carousel_69fb5cb6c2673_script\");if(su_image_carousel_69fb5cb6c2673_script){su_image_carousel_69fb5cb6c2673_script.parentNode.removeChild(su_image_carousel_69fb5cb6c2673_script);}<\/script>\n<div class=\"su-note\"  style=\"border-color:#dcdcdc;border-radius:3px;-moz-border-radius:3px;-webkit-border-radius:3px;\"><div class=\"su-note-inner su-u-clearfix su-u-trim\" style=\"background-color:#f6f6f6;border-color:#ffffff;color:#333333;border-radius:3px;-moz-border-radius:3px;-webkit-border-radius:3px;\">\n<h2>Crema\u00e7\u00e3o: solu\u00e7\u00e3o ecologicamente correta para despedida digna!<\/h2>\n<p>O cremat\u00f3rio \u00e9 equipado com forno de \u00faltima gera\u00e7\u00e3o e c\u00e2maras resfriadas, alem de servi\u00e7o de cerimonial completo.<br \/>\nN\u00e3o descarte os restos mortais de seu pet em rios ou em covas rasas: <a href=\"https:\/\/crematoriorecantodapaz.com.br\/crematorioveterinario\/contato\/\">fale\u00a0 conosco<\/a> e <a href=\"https:\/\/crematoriorecantodapaz.com.br\/crematorioveterinario\/contato\/\">solicite informa\u00e7\u00e3o<\/a> sobre pre\u00e7o da crema\u00e7\u00e3o veterin\u00e1ria! <\/div><\/div>\n<p><img loading=\"lazy\" decoding=\"async\" class=\"aligncenter size-full wp-image-169\" src=\"https:\/\/crematoriorecantodapaz.com.br\/crematorioveterinario\/wp-content\/uploads\/2020\/06\/banner2.png\" alt=\"\" width=\"785\" height=\"219\" srcset=\"https:\/\/crematoriorecantodapaz.com.br\/crematorioveterinario\/wp-content\/uploads\/2020\/06\/banner2.png 785w, https:\/\/crematoriorecantodapaz.com.br\/crematorioveterinario\/wp-content\/uploads\/2020\/06\/banner2-300x84.png 300w, https:\/\/crematoriorecantodapaz.com.br\/crematorioveterinario\/wp-content\/uploads\/2020\/06\/banner2-768x214.png 768w\" sizes=\"auto, (max-width: 785px) 100vw, 785px\" \/><\/p>\n<p>&nbsp;<\/p>\n<p>&nbsp;<\/p>\n","protected":false},"excerpt":{"rendered":"<p>O Cremat\u00f3rio Veterin\u00e1rio Recanto da Paz atua com servi\u00e7os\u00a0 completos de crema\u00e7\u00e3o, disponibilizando: &nbsp; &nbsp;<\/p>\n","protected":false},"author":1,"featured_media":0,"parent":0,"menu_order":0,"comment_status":"closed","ping_status":"closed","template":"","meta":{"footnotes":"","_links_to":"","_links_to_target":""},"class_list":["post-8","page","type-page","status-publish","hentry"],"_links":{"self":[{"href":"https:\/\/crematoriorecantodapaz.com.br\/crematorioveterinario\/wp-json\/wp\/v2\/pages\/8","targetHints":{"allow":["GET"]}}],"collection":[{"href":"https:\/\/crematoriorecantodapaz.com.br\/crematorioveterinario\/wp-json\/wp\/v2\/pages"}],"about":[{"href":"https:\/\/crematoriorecantodapaz.com.br\/crematorioveterinario\/wp-json\/wp\/v2\/types\/page"}],"author":[{"embeddable":true,"href":"https:\/\/crematoriorecantodapaz.com.br\/crematorioveterinario\/wp-json\/wp\/v2\/users\/1"}],"replies":[{"embeddable":true,"href":"https:\/\/crematoriorecantodapaz.com.br\/crematorioveterinario\/wp-json\/wp\/v2\/comments?post=8"}],"version-history":[{"count":14,"href":"https:\/\/crematoriorecantodapaz.com.br\/crematorioveterinario\/wp-json\/wp\/v2\/pages\/8\/revisions"}],"predecessor-version":[{"id":279,"href":"https:\/\/crematoriorecantodapaz.com.br\/crematorioveterinario\/wp-json\/wp\/v2\/pages\/8\/revisions\/279"}],"wp:attachment":[{"href":"https:\/\/crematoriorecantodapaz.com.br\/crematorioveterinario\/wp-json\/wp\/v2\/media?parent=8"}],"curies":[{"name":"wp","href":"https:\/\/api.w.org\/{rel}","templated":true}]}}