{"id":74,"date":"2020-06-05T18:55:31","date_gmt":"2020-06-05T21:55:31","guid":{"rendered":"https:\/\/crematoriorecantodapaz.com.br\/crematorioveterinario\/?page_id=74"},"modified":"2020-06-05T19:00:22","modified_gmt":"2020-06-05T22:00:22","slug":"crematorio-veterinario","status":"publish","type":"page","link":"https:\/\/crematoriorecantodapaz.com.br\/crematorioveterinario\/crematorio-veterinario\/","title":{"rendered":"Cremat\u00f3rio Veterin\u00e1rio"},"content":{"rendered":"<p>Com instala\u00e7\u00f5es modernas, o <strong>cremat\u00f3rio veterin\u00e1rio Recanto da Paz<\/strong> disponibiliza servi\u00e7o de crema\u00e7\u00e3o para animais dom\u00e9sticos, proporcionando servi\u00e7os ecologicamente corretos e em conformidade com a legisla\u00e7\u00e3o ambiental para dar destina\u00e7\u00e3o correta\u00a0 ao corpo de animais, que muitas vezes, s\u00e3o companheiros de d\u00e9cadas e pelos quais nutrimos naturalmente grande apre\u00e7o.<\/p>\n","protected":false},"excerpt":{"rendered":"<p>Com instala\u00e7\u00f5es modernas, o cremat\u00f3rio veterin\u00e1rio Recanto da Paz disponibiliza servi\u00e7o de crema\u00e7\u00e3o para animais dom\u00e9sticos, proporcionando servi\u00e7os ecologicamente corretos e em conformidade com a legisla\u00e7\u00e3o ambiental para dar destina\u00e7\u00e3o correta\u00a0 ao corpo de animais, que muitas vezes, s\u00e3o companheiros de d\u00e9cadas e pelos quais nutrimos naturalmente grande apre\u00e7o.<\/p>\n","protected":false},"author":1,"featured_media":0,"parent":0,"menu_order":0,"comment_status":"closed","ping_status":"closed","template":"","meta":{"footnotes":"","_links_to":"","_links_to_target":""},"class_list":["post-74","page","type-page","status-publish","hentry"],"_links":{"self":[{"href":"https:\/\/crematoriorecantodapaz.com.br\/crematorioveterinario\/wp-json\/wp\/v2\/pages\/74","targetHints":{"allow":["GET"]}}],"collection":[{"href":"https:\/\/crematoriorecantodapaz.com.br\/crematorioveterinario\/wp-json\/wp\/v2\/pages"}],"about":[{"href":"https:\/\/crematoriorecantodapaz.com.br\/crematorioveterinario\/wp-json\/wp\/v2\/types\/page"}],"author":[{"embeddable":true,"href":"https:\/\/crematoriorecantodapaz.com.br\/crematorioveterinario\/wp-json\/wp\/v2\/users\/1"}],"replies":[{"embeddable":true,"href":"https:\/\/crematoriorecantodapaz.com.br\/crematorioveterinario\/wp-json\/wp\/v2\/comments?post=74"}],"version-history":[{"count":2,"href":"https:\/\/crematoriorecantodapaz.com.br\/crematorioveterinario\/wp-json\/wp\/v2\/pages\/74\/revisions"}],"predecessor-version":[{"id":76,"href":"https:\/\/crematoriorecantodapaz.com.br\/crematorioveterinario\/wp-json\/wp\/v2\/pages\/74\/revisions\/76"}],"wp:attachment":[{"href":"https:\/\/crematoriorecantodapaz.com.br\/crematorioveterinario\/wp-json\/wp\/v2\/media?parent=74"}],"curies":[{"name":"wp","href":"https:\/\/api.w.org\/{rel}","templated":true}]}}