{"id":28,"date":"2020-06-05T13:49:32","date_gmt":"2020-06-05T16:49:32","guid":{"rendered":"https:\/\/crematoriorecantodapaz.com.br\/crematorioveterinario\/?page_id=28"},"modified":"2026-04-13T12:35:58","modified_gmt":"2026-04-13T15:35:58","slug":"cantinho-da-saudade","status":"publish","type":"page","link":"https:\/\/crematoriorecantodapaz.com.br\/crematorioveterinario\/cantinho-da-saudade\/","title":{"rendered":"Cantinho da Saudade"},"content":{"rendered":"<p>Aqui e em nosso Instagram, selecionamos uma p\u00e1gina para homenagear os queridos animaizinhos de estima\u00e7\u00e3o que foram atendidos no <a href=\"https:\/\/crematoriorecantodapaz.com.br\/crematorioveterinario\/a-empresa\/\"><strong>Cremat\u00f3rio Veterin\u00e1rio Recanto da Paz<\/strong><\/a>.<\/p>\n<a href=\"https:\/\/www.instagram.com\/recantodapazcrematorio\/\" class=\"su-button su-button-style-glass\" style=\"color:#FFFFFF;background-color:#179010;border-color:#13740d;border-radius:7px\" target=\"_blank\" rel=\"noopener noreferrer\"><span style=\"color:#FFFFFF;padding:7px 20px;font-size:16px;line-height:24px;border-color:#5db258;border-radius:7px;text-shadow:none\"><i class=\"sui sui-instagram\" style=\"font-size:16px;color:#FFFFFF\"><\/i> Instagram<\/span><\/a>\n<p>&nbsp;<\/p>\n<p>Quer mandar foto de seu bichinho de estima\u00e7\u00e3o para o Cantinho da Saudade?<br \/>\nFale conosco no <a href=\"mailto:crematoriorecantodapaz@gmail.com\">crematoriorecantodapaz@gmail.com<\/a><\/p>\n","protected":false},"excerpt":{"rendered":"<p>Aqui e em nosso Instagram, selecionamos uma p\u00e1gina para homenagear os queridos animaizinhos de estima\u00e7\u00e3o que foram atendidos no Cremat\u00f3rio Veterin\u00e1rio Recanto da Paz. &nbsp; Quer mandar foto de seu bichinho de estima\u00e7\u00e3o para o Cantinho da Saudade? Fale conosco no crematoriorecantodapaz@gmail.com<\/p>\n","protected":false},"author":1,"featured_media":0,"parent":0,"menu_order":0,"comment_status":"closed","ping_status":"closed","template":"","meta":{"footnotes":"","_links_to":"","_links_to_target":""},"class_list":["post-28","page","type-page","status-publish","hentry"],"_links":{"self":[{"href":"https:\/\/crematoriorecantodapaz.com.br\/crematorioveterinario\/wp-json\/wp\/v2\/pages\/28","targetHints":{"allow":["GET"]}}],"collection":[{"href":"https:\/\/crematoriorecantodapaz.com.br\/crematorioveterinario\/wp-json\/wp\/v2\/pages"}],"about":[{"href":"https:\/\/crematoriorecantodapaz.com.br\/crematorioveterinario\/wp-json\/wp\/v2\/types\/page"}],"author":[{"embeddable":true,"href":"https:\/\/crematoriorecantodapaz.com.br\/crematorioveterinario\/wp-json\/wp\/v2\/users\/1"}],"replies":[{"embeddable":true,"href":"https:\/\/crematoriorecantodapaz.com.br\/crematorioveterinario\/wp-json\/wp\/v2\/comments?post=28"}],"version-history":[{"count":13,"href":"https:\/\/crematoriorecantodapaz.com.br\/crematorioveterinario\/wp-json\/wp\/v2\/pages\/28\/revisions"}],"predecessor-version":[{"id":456,"href":"https:\/\/crematoriorecantodapaz.com.br\/crematorioveterinario\/wp-json\/wp\/v2\/pages\/28\/revisions\/456"}],"wp:attachment":[{"href":"https:\/\/crematoriorecantodapaz.com.br\/crematorioveterinario\/wp-json\/wp\/v2\/media?parent=28"}],"curies":[{"name":"wp","href":"https:\/\/api.w.org\/{rel}","templated":true}]}}