{"id":26,"date":"2020-06-05T13:49:23","date_gmt":"2020-06-05T16:49:23","guid":{"rendered":"https:\/\/crematoriorecantodapaz.com.br\/crematorioveterinario\/?page_id=26"},"modified":"2020-06-16T16:39:04","modified_gmt":"2020-06-16T19:39:04","slug":"responsabilidade-ambiental","status":"publish","type":"page","link":"https:\/\/crematoriorecantodapaz.com.br\/crematorioveterinario\/responsabilidade-ambiental\/","title":{"rendered":"Responsabilidade ambiental"},"content":{"rendered":"<p>O <a href=\"https:\/\/crematoriorecantodapaz.com.br\/crematorioveterinario\/a-empresa\/\"><strong>Cremat\u00f3rio Veterin\u00e1rio Recanto da Paz<\/strong><\/a>\u00a0\u00e9 refer\u00eancia no setor veterin\u00e1rio por primar por crema\u00e7\u00e3o ecologicamente correta, pautada em responsabilidade ambiental.<br \/>\n<img loading=\"lazy\" decoding=\"async\" class=\"alignleft wp-image-115 size-medium\" src=\"https:\/\/crematoriorecantodapaz.com.br\/crematorioveterinario\/wp-content\/uploads\/2020\/06\/202-300x225.jpg\" alt=\"Cremat\u00f3rio Veterin\u00e1rio Recanto da Paz\" width=\"300\" height=\"225\" srcset=\"https:\/\/crematoriorecantodapaz.com.br\/crematorioveterinario\/wp-content\/uploads\/2020\/06\/202-300x225.jpg 300w, https:\/\/crematoriorecantodapaz.com.br\/crematorioveterinario\/wp-content\/uploads\/2020\/06\/202-768x576.jpg 768w, https:\/\/crematoriorecantodapaz.com.br\/crematorioveterinario\/wp-content\/uploads\/2020\/06\/202.jpg 800w\" sizes=\"auto, (max-width: 300px) 100vw, 300px\" \/>Com estrutura moderna e processos ecologicamente corretos, utilizando equipamentos que n\u00e3o causam polui\u00e7\u00e3o ambiental, o <a href=\"https:\/\/crematoriorecantodapaz.com.br\/crematorioveterinario\/a-empresa\/\"><strong>Cremat\u00f3rio Veterin\u00e1rio Recanto da Paz<\/strong><\/a><strong>\u00a0<\/strong>atua alinhado \u00e0s leis ambientais em vigor, sendo licenciado pelo <strong>INEA<\/strong> (Instituto Estadual do Meio Ambiente) sob o n\u00ba FE 014451 e tamb\u00e9m pela Vigil\u00e2ncia Sanit\u00e1ria.<\/p>\n<p>\u00c9 sabido que o descarte de corpos de animais em rios ou matagais &#8211; ou mesmo em covas rasas &#8211; causam enormes danos ao meio ambiente.<br \/>\nNosso servi\u00e7o consiste justamente em dar destina\u00e7\u00e3o adequada aos corpos atrav\u00e9s de processos que melhoram efetivamente o meio ambiente, atrav\u00e9s da crema\u00e7\u00e3o veterin\u00e1ria, quando realizada em total conformidade com as leis ambientais, contribuindo efetivamente para tornar nosso meio ambiente menos polu\u00eddo, alem de resgatar o respeito no momento de perda de um pet.<\/p>\n<p>&nbsp;<\/p>\n<hr \/>\n<p><strong>Licenciado pelo INEA\u00a0 (Instituto Estadual do Meio Ambiente) e Vigil\u00e2ncia Sanit\u00e1ria de Petr\u00f3polis, RJ.<\/strong><\/p>\n<p><img loading=\"lazy\" decoding=\"async\" class=\"size-full wp-image-217 aligncenter\" src=\"https:\/\/crematoriorecantodapaz.com.br\/crematorioveterinario\/wp-content\/uploads\/2020\/06\/INEA.png\" alt=\"\" width=\"606\" height=\"139\" srcset=\"https:\/\/crematoriorecantodapaz.com.br\/crematorioveterinario\/wp-content\/uploads\/2020\/06\/INEA.png 606w, https:\/\/crematoriorecantodapaz.com.br\/crematorioveterinario\/wp-content\/uploads\/2020\/06\/INEA-300x69.png 300w\" sizes=\"auto, (max-width: 606px) 100vw, 606px\" \/><\/p>\n<blockquote>\n<h2>Somos a \u00fanica empresa da Regi\u00e3o Serrana especializada na crema\u00e7\u00e3o de animais dom\u00e9sticos de pequeno porte, com servi\u00e7os pautados na seriedade e no respeito aos nossos clientes.<\/h2>\n<div class=\"su-image-carousel  su-image-carousel-columns-3 su-image-carousel-has-spacing su-image-carousel-crop su-image-carousel-crop-4-3 su-image-carousel-has-lightbox su-image-carousel-has-outline su-image-carousel-adaptive su-image-carousel-slides-style-default su-image-carousel-controls-style-dark su-image-carousel-align-none\" style=\"\" data-flickity-options='{\"groupCells\":true,\"cellSelector\":\".su-image-carousel-item\",\"adaptiveHeight\":false,\"cellAlign\":\"left\",\"prevNextButtons\":true,\"pageDots\":true,\"autoPlay\":3000,\"imagesLoaded\":true,\"contain\":true,\"selectedAttraction\":0.025000000000000001387778780781445675529539585113525390625,\"friction\":0.2800000000000000266453525910037569701671600341796875}' id=\"su_image_carousel_69fb5cf5635ac\"><div class=\"su-image-carousel-item\"><div class=\"su-image-carousel-item-content\"><a href=\"https:\/\/crematoriorecantodapaz.com.br\/crematorioveterinario\/wp-content\/uploads\/2020\/06\/200.jpg\" data-caption=\"Cremat\u00f3rio Veterin\u00e1rio\"><img loading=\"lazy\" decoding=\"async\" width=\"800\" height=\"600\" src=\"https:\/\/crematoriorecantodapaz.com.br\/crematorioveterinario\/wp-content\/uploads\/2020\/06\/200.jpg\" class=\"\" alt=\"Cremat\u00f3rio Veterin\u00e1rio Recanto da Paz\" srcset=\"https:\/\/crematoriorecantodapaz.com.br\/crematorioveterinario\/wp-content\/uploads\/2020\/06\/200.jpg 800w, https:\/\/crematoriorecantodapaz.com.br\/crematorioveterinario\/wp-content\/uploads\/2020\/06\/200-300x225.jpg 300w, https:\/\/crematoriorecantodapaz.com.br\/crematorioveterinario\/wp-content\/uploads\/2020\/06\/200-768x576.jpg 768w\" sizes=\"auto, (max-width: 800px) 100vw, 800px\" \/><\/a><\/div><\/div><div class=\"su-image-carousel-item\"><div class=\"su-image-carousel-item-content\"><a href=\"https:\/\/crematoriorecantodapaz.com.br\/crematorioveterinario\/wp-content\/uploads\/2020\/06\/201.jpg\" data-caption=\"O Cremat\u00f3rio\"><img loading=\"lazy\" decoding=\"async\" width=\"800\" height=\"600\" src=\"https:\/\/crematoriorecantodapaz.com.br\/crematorioveterinario\/wp-content\/uploads\/2020\/06\/201.jpg\" class=\"\" alt=\"Cremat\u00f3rio Veterin\u00e1rio Recanto da Paz\" srcset=\"https:\/\/crematoriorecantodapaz.com.br\/crematorioveterinario\/wp-content\/uploads\/2020\/06\/201.jpg 800w, https:\/\/crematoriorecantodapaz.com.br\/crematorioveterinario\/wp-content\/uploads\/2020\/06\/201-300x225.jpg 300w, https:\/\/crematoriorecantodapaz.com.br\/crematorioveterinario\/wp-content\/uploads\/2020\/06\/201-768x576.jpg 768w\" sizes=\"auto, (max-width: 800px) 100vw, 800px\" \/><\/a><\/div><\/div><div class=\"su-image-carousel-item\"><div class=\"su-image-carousel-item-content\"><a href=\"https:\/\/crematoriorecantodapaz.com.br\/crematorioveterinario\/wp-content\/uploads\/2020\/06\/202.jpg\" data-caption=\"O Cremat\u00f3rio\"><img loading=\"lazy\" decoding=\"async\" width=\"800\" height=\"600\" src=\"https:\/\/crematoriorecantodapaz.com.br\/crematorioveterinario\/wp-content\/uploads\/2020\/06\/202.jpg\" class=\"\" alt=\"Cremat\u00f3rio Veterin\u00e1rio Recanto da Paz\" srcset=\"https:\/\/crematoriorecantodapaz.com.br\/crematorioveterinario\/wp-content\/uploads\/2020\/06\/202.jpg 800w, https:\/\/crematoriorecantodapaz.com.br\/crematorioveterinario\/wp-content\/uploads\/2020\/06\/202-300x225.jpg 300w, https:\/\/crematoriorecantodapaz.com.br\/crematorioveterinario\/wp-content\/uploads\/2020\/06\/202-768x576.jpg 768w\" sizes=\"auto, (max-width: 800px) 100vw, 800px\" \/><\/a><\/div><\/div><div class=\"su-image-carousel-item\"><div class=\"su-image-carousel-item-content\"><a href=\"https:\/\/crematoriorecantodapaz.com.br\/crematorioveterinario\/wp-content\/uploads\/2020\/06\/00.jpg\" data-caption=\"Cremat\u00f3rio Recanto Da Paz\"><img loading=\"lazy\" decoding=\"async\" width=\"960\" height=\"720\" src=\"https:\/\/crematoriorecantodapaz.com.br\/crematorioveterinario\/wp-content\/uploads\/2020\/06\/00.jpg\" class=\"\" alt=\"Cremat\u00f3rio Recanto Da Paz\" srcset=\"https:\/\/crematoriorecantodapaz.com.br\/crematorioveterinario\/wp-content\/uploads\/2020\/06\/00.jpg 960w, https:\/\/crematoriorecantodapaz.com.br\/crematorioveterinario\/wp-content\/uploads\/2020\/06\/00-300x225.jpg 300w, https:\/\/crematoriorecantodapaz.com.br\/crematorioveterinario\/wp-content\/uploads\/2020\/06\/00-768x576.jpg 768w\" sizes=\"auto, (max-width: 960px) 100vw, 960px\" \/><\/a><\/div><\/div><div class=\"su-image-carousel-item\"><div class=\"su-image-carousel-item-content\"><a href=\"https:\/\/crematoriorecantodapaz.com.br\/crematorioveterinario\/wp-content\/uploads\/2020\/06\/215.jpg\" data-caption=\"O Cremat\u00f3rio\"><img loading=\"lazy\" decoding=\"async\" width=\"800\" height=\"600\" src=\"https:\/\/crematoriorecantodapaz.com.br\/crematorioveterinario\/wp-content\/uploads\/2020\/06\/215.jpg\" class=\"\" alt=\"Cremat\u00f3rio Veterin\u00e1rio Recanto da Paz\" srcset=\"https:\/\/crematoriorecantodapaz.com.br\/crematorioveterinario\/wp-content\/uploads\/2020\/06\/215.jpg 800w, https:\/\/crematoriorecantodapaz.com.br\/crematorioveterinario\/wp-content\/uploads\/2020\/06\/215-300x225.jpg 300w, https:\/\/crematoriorecantodapaz.com.br\/crematorioveterinario\/wp-content\/uploads\/2020\/06\/215-768x576.jpg 768w\" sizes=\"auto, (max-width: 800px) 100vw, 800px\" \/><\/a><\/div><\/div><div class=\"su-image-carousel-item\"><div class=\"su-image-carousel-item-content\"><a href=\"https:\/\/crematoriorecantodapaz.com.br\/crematorioveterinario\/wp-content\/uploads\/2020\/06\/205.jpg\" data-caption=\"Forno do Cremat\u00f3rio\"><img loading=\"lazy\" decoding=\"async\" width=\"800\" height=\"600\" src=\"https:\/\/crematoriorecantodapaz.com.br\/crematorioveterinario\/wp-content\/uploads\/2020\/06\/205.jpg\" class=\"\" alt=\"Cremat\u00f3rio Veterin\u00e1rio Recanto da Paz\" srcset=\"https:\/\/crematoriorecantodapaz.com.br\/crematorioveterinario\/wp-content\/uploads\/2020\/06\/205.jpg 800w, https:\/\/crematoriorecantodapaz.com.br\/crematorioveterinario\/wp-content\/uploads\/2020\/06\/205-300x225.jpg 300w, https:\/\/crematoriorecantodapaz.com.br\/crematorioveterinario\/wp-content\/uploads\/2020\/06\/205-768x576.jpg 768w\" sizes=\"auto, (max-width: 800px) 100vw, 800px\" \/><\/a><\/div><\/div><div class=\"su-image-carousel-item\"><div class=\"su-image-carousel-item-content\"><a href=\"https:\/\/crematoriorecantodapaz.com.br\/crematorioveterinario\/wp-content\/uploads\/2020\/06\/203.jpg\" data-caption=\"Forno do Cremat\u00f3rio\"><img loading=\"lazy\" decoding=\"async\" width=\"800\" height=\"600\" src=\"https:\/\/crematoriorecantodapaz.com.br\/crematorioveterinario\/wp-content\/uploads\/2020\/06\/203.jpg\" class=\"\" alt=\"Cremat\u00f3rio Veterin\u00e1rio Recanto da Paz\" srcset=\"https:\/\/crematoriorecantodapaz.com.br\/crematorioveterinario\/wp-content\/uploads\/2020\/06\/203.jpg 800w, https:\/\/crematoriorecantodapaz.com.br\/crematorioveterinario\/wp-content\/uploads\/2020\/06\/203-300x225.jpg 300w, https:\/\/crematoriorecantodapaz.com.br\/crematorioveterinario\/wp-content\/uploads\/2020\/06\/203-768x576.jpg 768w\" sizes=\"auto, (max-width: 800px) 100vw, 800px\" \/><\/a><\/div><\/div><div class=\"su-image-carousel-item\"><div class=\"su-image-carousel-item-content\"><a href=\"https:\/\/crematoriorecantodapaz.com.br\/crematorioveterinario\/wp-content\/uploads\/2020\/06\/207.jpg\" data-caption=\"Instala\u00e7\u00f5es\"><img loading=\"lazy\" decoding=\"async\" width=\"800\" height=\"600\" src=\"https:\/\/crematoriorecantodapaz.com.br\/crematorioveterinario\/wp-content\/uploads\/2020\/06\/207.jpg\" class=\"\" alt=\"Cremat\u00f3rio Veterin\u00e1rio Recanto da Paz\" srcset=\"https:\/\/crematoriorecantodapaz.com.br\/crematorioveterinario\/wp-content\/uploads\/2020\/06\/207.jpg 800w, https:\/\/crematoriorecantodapaz.com.br\/crematorioveterinario\/wp-content\/uploads\/2020\/06\/207-300x225.jpg 300w, https:\/\/crematoriorecantodapaz.com.br\/crematorioveterinario\/wp-content\/uploads\/2020\/06\/207-768x576.jpg 768w\" sizes=\"auto, (max-width: 800px) 100vw, 800px\" \/><\/a><\/div><\/div><div class=\"su-image-carousel-item\"><div class=\"su-image-carousel-item-content\"><a href=\"https:\/\/crematoriorecantodapaz.com.br\/crematorioveterinario\/wp-content\/uploads\/2020\/06\/11.jpg\" data-caption=\"Cremat\u00f3rio Recanto Da Paz\"><img loading=\"lazy\" decoding=\"async\" width=\"960\" height=\"720\" src=\"https:\/\/crematoriorecantodapaz.com.br\/crematorioveterinario\/wp-content\/uploads\/2020\/06\/11.jpg\" class=\"\" alt=\"Cremat\u00f3rio Recanto Da Paz\" srcset=\"https:\/\/crematoriorecantodapaz.com.br\/crematorioveterinario\/wp-content\/uploads\/2020\/06\/11.jpg 960w, https:\/\/crematoriorecantodapaz.com.br\/crematorioveterinario\/wp-content\/uploads\/2020\/06\/11-300x225.jpg 300w, https:\/\/crematoriorecantodapaz.com.br\/crematorioveterinario\/wp-content\/uploads\/2020\/06\/11-768x576.jpg 768w\" sizes=\"auto, (max-width: 960px) 100vw, 960px\" \/><\/a><\/div><\/div><div class=\"su-image-carousel-item\"><div class=\"su-image-carousel-item-content\"><a href=\"https:\/\/crematoriorecantodapaz.com.br\/crematorioveterinario\/wp-content\/uploads\/2020\/06\/12.jpg\" data-caption=\"Cremat\u00f3rio Recanto Da Paz\"><img loading=\"lazy\" decoding=\"async\" width=\"540\" height=\"720\" src=\"https:\/\/crematoriorecantodapaz.com.br\/crematorioveterinario\/wp-content\/uploads\/2020\/06\/12.jpg\" class=\"\" alt=\"Cremat\u00f3rio Recanto Da Paz\" srcset=\"https:\/\/crematoriorecantodapaz.com.br\/crematorioveterinario\/wp-content\/uploads\/2020\/06\/12.jpg 540w, https:\/\/crematoriorecantodapaz.com.br\/crematorioveterinario\/wp-content\/uploads\/2020\/06\/12-225x300.jpg 225w\" sizes=\"auto, (max-width: 540px) 100vw, 540px\" \/><\/a><\/div><\/div><div class=\"su-image-carousel-item\"><div class=\"su-image-carousel-item-content\"><a href=\"https:\/\/crematoriorecantodapaz.com.br\/crematorioveterinario\/wp-content\/uploads\/2020\/06\/005.jpg\" data-caption=\"Cremat\u00f3rio Recanto Da Paz\"><img loading=\"lazy\" decoding=\"async\" width=\"960\" height=\"720\" src=\"https:\/\/crematoriorecantodapaz.com.br\/crematorioveterinario\/wp-content\/uploads\/2020\/06\/005.jpg\" class=\"\" alt=\"Cremat\u00f3rio Recanto Da Paz\" srcset=\"https:\/\/crematoriorecantodapaz.com.br\/crematorioveterinario\/wp-content\/uploads\/2020\/06\/005.jpg 960w, https:\/\/crematoriorecantodapaz.com.br\/crematorioveterinario\/wp-content\/uploads\/2020\/06\/005-300x225.jpg 300w, https:\/\/crematoriorecantodapaz.com.br\/crematorioveterinario\/wp-content\/uploads\/2020\/06\/005-768x576.jpg 768w\" sizes=\"auto, (max-width: 960px) 100vw, 960px\" \/><\/a><\/div><\/div><div class=\"su-image-carousel-item\"><div class=\"su-image-carousel-item-content\"><a href=\"https:\/\/crematoriorecantodapaz.com.br\/crematorioveterinario\/wp-content\/uploads\/2020\/06\/218.jpg\" data-caption=\"Sala de Vel\u00f3rio\"><img loading=\"lazy\" decoding=\"async\" width=\"800\" height=\"600\" src=\"https:\/\/crematoriorecantodapaz.com.br\/crematorioveterinario\/wp-content\/uploads\/2020\/06\/218.jpg\" class=\"\" alt=\"Cremat\u00f3rio Veterin\u00e1rio Recanto da Paz\" srcset=\"https:\/\/crematoriorecantodapaz.com.br\/crematorioveterinario\/wp-content\/uploads\/2020\/06\/218.jpg 800w, https:\/\/crematoriorecantodapaz.com.br\/crematorioveterinario\/wp-content\/uploads\/2020\/06\/218-300x225.jpg 300w, https:\/\/crematoriorecantodapaz.com.br\/crematorioveterinario\/wp-content\/uploads\/2020\/06\/218-768x576.jpg 768w\" sizes=\"auto, (max-width: 800px) 100vw, 800px\" \/><\/a><\/div><\/div><div class=\"su-image-carousel-item\"><div class=\"su-image-carousel-item-content\"><a href=\"https:\/\/crematoriorecantodapaz.com.br\/crematorioveterinario\/wp-content\/uploads\/2020\/06\/001.jpg\" data-caption=\"Cremat\u00f3rio Recanto Da Paz\"><img loading=\"lazy\" decoding=\"async\" width=\"960\" height=\"720\" src=\"https:\/\/crematoriorecantodapaz.com.br\/crematorioveterinario\/wp-content\/uploads\/2020\/06\/001.jpg\" class=\"\" alt=\"Cremat\u00f3rio Recanto Da Paz\" srcset=\"https:\/\/crematoriorecantodapaz.com.br\/crematorioveterinario\/wp-content\/uploads\/2020\/06\/001.jpg 960w, https:\/\/crematoriorecantodapaz.com.br\/crematorioveterinario\/wp-content\/uploads\/2020\/06\/001-300x225.jpg 300w, https:\/\/crematoriorecantodapaz.com.br\/crematorioveterinario\/wp-content\/uploads\/2020\/06\/001-768x576.jpg 768w\" sizes=\"auto, (max-width: 960px) 100vw, 960px\" \/><\/a><\/div><\/div><div class=\"su-image-carousel-item\"><div class=\"su-image-carousel-item-content\"><a href=\"https:\/\/crematoriorecantodapaz.com.br\/crematorioveterinario\/wp-content\/uploads\/2020\/06\/003.jpg\" data-caption=\"Cremat\u00f3rio Recanto Da Paz\"><img loading=\"lazy\" decoding=\"async\" width=\"960\" height=\"720\" src=\"https:\/\/crematoriorecantodapaz.com.br\/crematorioveterinario\/wp-content\/uploads\/2020\/06\/003.jpg\" class=\"\" alt=\"Cremat\u00f3rio Recanto Da Paz\" srcset=\"https:\/\/crematoriorecantodapaz.com.br\/crematorioveterinario\/wp-content\/uploads\/2020\/06\/003.jpg 960w, https:\/\/crematoriorecantodapaz.com.br\/crematorioveterinario\/wp-content\/uploads\/2020\/06\/003-300x225.jpg 300w, https:\/\/crematoriorecantodapaz.com.br\/crematorioveterinario\/wp-content\/uploads\/2020\/06\/003-768x576.jpg 768w\" sizes=\"auto, (max-width: 960px) 100vw, 960px\" \/><\/a><\/div><\/div><div class=\"su-image-carousel-item\"><div class=\"su-image-carousel-item-content\"><a href=\"https:\/\/crematoriorecantodapaz.com.br\/crematorioveterinario\/wp-content\/uploads\/2020\/06\/004.jpg\" data-caption=\"Cremat\u00f3rio Recanto Da Paz\"><img loading=\"lazy\" decoding=\"async\" width=\"960\" height=\"720\" src=\"https:\/\/crematoriorecantodapaz.com.br\/crematorioveterinario\/wp-content\/uploads\/2020\/06\/004.jpg\" class=\"\" alt=\"Cremat\u00f3rio Recanto Da Paz\" srcset=\"https:\/\/crematoriorecantodapaz.com.br\/crematorioveterinario\/wp-content\/uploads\/2020\/06\/004.jpg 960w, https:\/\/crematoriorecantodapaz.com.br\/crematorioveterinario\/wp-content\/uploads\/2020\/06\/004-300x225.jpg 300w, https:\/\/crematoriorecantodapaz.com.br\/crematorioveterinario\/wp-content\/uploads\/2020\/06\/004-768x576.jpg 768w\" sizes=\"auto, (max-width: 960px) 100vw, 960px\" \/><\/a><\/div><\/div><div class=\"su-image-carousel-item\"><div class=\"su-image-carousel-item-content\"><a href=\"https:\/\/crematoriorecantodapaz.com.br\/crematorioveterinario\/wp-content\/uploads\/2020\/06\/210.jpg\" data-caption=\"Forno e C\u00e2maras\"><img loading=\"lazy\" decoding=\"async\" width=\"800\" height=\"600\" src=\"https:\/\/crematoriorecantodapaz.com.br\/crematorioveterinario\/wp-content\/uploads\/2020\/06\/210.jpg\" class=\"\" alt=\"Cremat\u00f3rio Veterin\u00e1rio Recanto da Paz\" srcset=\"https:\/\/crematoriorecantodapaz.com.br\/crematorioveterinario\/wp-content\/uploads\/2020\/06\/210.jpg 800w, https:\/\/crematoriorecantodapaz.com.br\/crematorioveterinario\/wp-content\/uploads\/2020\/06\/210-300x225.jpg 300w, https:\/\/crematoriorecantodapaz.com.br\/crematorioveterinario\/wp-content\/uploads\/2020\/06\/210-768x576.jpg 768w\" sizes=\"auto, (max-width: 800px) 100vw, 800px\" \/><\/a><\/div><\/div><div class=\"su-image-carousel-item\"><div class=\"su-image-carousel-item-content\"><a href=\"https:\/\/crematoriorecantodapaz.com.br\/crematorioveterinario\/wp-content\/uploads\/2020\/06\/002.jpg\" data-caption=\"Cremat\u00f3rio Recanto Da Paz\"><img loading=\"lazy\" decoding=\"async\" width=\"720\" height=\"960\" src=\"https:\/\/crematoriorecantodapaz.com.br\/crematorioveterinario\/wp-content\/uploads\/2020\/06\/002.jpg\" class=\"\" alt=\"Cremat\u00f3rio Recanto Da Paz\" srcset=\"https:\/\/crematoriorecantodapaz.com.br\/crematorioveterinario\/wp-content\/uploads\/2020\/06\/002.jpg 720w, https:\/\/crematoriorecantodapaz.com.br\/crematorioveterinario\/wp-content\/uploads\/2020\/06\/002-225x300.jpg 225w\" sizes=\"auto, (max-width: 720px) 100vw, 720px\" \/><\/a><\/div><\/div><div class=\"su-image-carousel-item\"><div class=\"su-image-carousel-item-content\"><a href=\"https:\/\/crematoriorecantodapaz.com.br\/crematorioveterinario\/wp-content\/uploads\/2020\/06\/007a.jpg\" data-caption=\"Cremat\u00f3rio Recanto Da Paz\"><img loading=\"lazy\" decoding=\"async\" width=\"960\" height=\"720\" src=\"https:\/\/crematoriorecantodapaz.com.br\/crematorioveterinario\/wp-content\/uploads\/2020\/06\/007a.jpg\" class=\"\" alt=\"Cremat\u00f3rio Recanto Da Paz\" srcset=\"https:\/\/crematoriorecantodapaz.com.br\/crematorioveterinario\/wp-content\/uploads\/2020\/06\/007a.jpg 960w, https:\/\/crematoriorecantodapaz.com.br\/crematorioveterinario\/wp-content\/uploads\/2020\/06\/007a-300x225.jpg 300w, https:\/\/crematoriorecantodapaz.com.br\/crematorioveterinario\/wp-content\/uploads\/2020\/06\/007a-768x576.jpg 768w\" sizes=\"auto, (max-width: 960px) 100vw, 960px\" \/><\/a><\/div><\/div><div class=\"su-image-carousel-item\"><div class=\"su-image-carousel-item-content\"><a href=\"https:\/\/crematoriorecantodapaz.com.br\/crematorioveterinario\/wp-content\/uploads\/2020\/06\/007.jpg\" data-caption=\"Cremat\u00f3rio Recanto Da Paz\"><img loading=\"lazy\" decoding=\"async\" width=\"720\" height=\"960\" src=\"https:\/\/crematoriorecantodapaz.com.br\/crematorioveterinario\/wp-content\/uploads\/2020\/06\/007.jpg\" class=\"\" alt=\"Cremat\u00f3rio Recanto Da Paz\" srcset=\"https:\/\/crematoriorecantodapaz.com.br\/crematorioveterinario\/wp-content\/uploads\/2020\/06\/007.jpg 720w, https:\/\/crematoriorecantodapaz.com.br\/crematorioveterinario\/wp-content\/uploads\/2020\/06\/007-225x300.jpg 225w\" sizes=\"auto, (max-width: 720px) 100vw, 720px\" \/><\/a><\/div><\/div><div class=\"su-image-carousel-item\"><div class=\"su-image-carousel-item-content\"><a href=\"https:\/\/crematoriorecantodapaz.com.br\/crematorioveterinario\/wp-content\/uploads\/2020\/06\/208.jpg\" data-caption=\"Estacionamento\"><img loading=\"lazy\" decoding=\"async\" width=\"800\" height=\"600\" src=\"https:\/\/crematoriorecantodapaz.com.br\/crematorioveterinario\/wp-content\/uploads\/2020\/06\/208.jpg\" class=\"\" alt=\"Cremat\u00f3rio Veterin\u00e1rio Recanto da Paz\" srcset=\"https:\/\/crematoriorecantodapaz.com.br\/crematorioveterinario\/wp-content\/uploads\/2020\/06\/208.jpg 800w, https:\/\/crematoriorecantodapaz.com.br\/crematorioveterinario\/wp-content\/uploads\/2020\/06\/208-300x225.jpg 300w, https:\/\/crematoriorecantodapaz.com.br\/crematorioveterinario\/wp-content\/uploads\/2020\/06\/208-768x576.jpg 768w\" sizes=\"auto, (max-width: 800px) 100vw, 800px\" \/><\/a><\/div><\/div><\/div><script id=\"su_image_carousel_69fb5cf5635ac_script\">if(window.SUImageCarousel){setTimeout(function() {window.SUImageCarousel.initGallery(document.getElementById(\"su_image_carousel_69fb5cf5635ac\"))}, 0);}var su_image_carousel_69fb5cf5635ac_script=document.getElementById(\"su_image_carousel_69fb5cf5635ac_script\");if(su_image_carousel_69fb5cf5635ac_script){su_image_carousel_69fb5cf5635ac_script.parentNode.removeChild(su_image_carousel_69fb5cf5635ac_script);}<\/script><\/blockquote>\n","protected":false},"excerpt":{"rendered":"<p>O Cremat\u00f3rio Veterin\u00e1rio Recanto da Paz\u00a0\u00e9 refer\u00eancia no setor veterin\u00e1rio por primar por crema\u00e7\u00e3o ecologicamente correta, pautada em responsabilidade ambiental. Com estrutura moderna e processos ecologicamente corretos, utilizando equipamentos que n\u00e3o causam polui\u00e7\u00e3o ambiental, o Cremat\u00f3rio Veterin\u00e1rio Recanto da Paz\u00a0atua alinhado \u00e0s leis ambientais em vigor, sendo licenciado pelo INEA (Instituto Estadual do Meio Ambiente) sob o n\u00ba FE 014451 e tamb\u00e9m pela Vigil\u00e2ncia Sanit\u00e1ria. \u00c9 sabido que o descarte de corpos de animais em rios ou matagais &#8211; ou mesmo em covas rasas &#8211; causam enormes danos ao meio ambiente. Nosso servi\u00e7o consiste justamente em dar destina\u00e7\u00e3o adequada aos&#8230; <\/p>\n","protected":false},"author":1,"featured_media":0,"parent":0,"menu_order":0,"comment_status":"closed","ping_status":"closed","template":"","meta":{"footnotes":"","_links_to":"","_links_to_target":""},"class_list":["post-26","page","type-page","status-publish","hentry"],"_links":{"self":[{"href":"https:\/\/crematoriorecantodapaz.com.br\/crematorioveterinario\/wp-json\/wp\/v2\/pages\/26","targetHints":{"allow":["GET"]}}],"collection":[{"href":"https:\/\/crematoriorecantodapaz.com.br\/crematorioveterinario\/wp-json\/wp\/v2\/pages"}],"about":[{"href":"https:\/\/crematoriorecantodapaz.com.br\/crematorioveterinario\/wp-json\/wp\/v2\/types\/page"}],"author":[{"embeddable":true,"href":"https:\/\/crematoriorecantodapaz.com.br\/crematorioveterinario\/wp-json\/wp\/v2\/users\/1"}],"replies":[{"embeddable":true,"href":"https:\/\/crematoriorecantodapaz.com.br\/crematorioveterinario\/wp-json\/wp\/v2\/comments?post=26"}],"version-history":[{"count":21,"href":"https:\/\/crematoriorecantodapaz.com.br\/crematorioveterinario\/wp-json\/wp\/v2\/pages\/26\/revisions"}],"predecessor-version":[{"id":351,"href":"https:\/\/crematoriorecantodapaz.com.br\/crematorioveterinario\/wp-json\/wp\/v2\/pages\/26\/revisions\/351"}],"wp:attachment":[{"href":"https:\/\/crematoriorecantodapaz.com.br\/crematorioveterinario\/wp-json\/wp\/v2\/media?parent=26"}],"curies":[{"name":"wp","href":"https:\/\/api.w.org\/{rel}","templated":true}]}}