{"id":24,"date":"2020-06-05T13:49:15","date_gmt":"2020-06-05T16:49:15","guid":{"rendered":"https:\/\/crematoriorecantodapaz.com.br\/crematorioveterinario\/?page_id=24"},"modified":"2020-07-23T09:36:41","modified_gmt":"2020-07-23T12:36:41","slug":"videos-e-midia","status":"publish","type":"page","link":"https:\/\/crematoriorecantodapaz.com.br\/crematorioveterinario\/videos-e-midia\/","title":{"rendered":"V\u00eddeos e M\u00eddia"},"content":{"rendered":"<p>Conhe\u00e7a aqui v\u00eddeos e fotos em destaque na m\u00eddia e redes sociais do <a href=\"https:\/\/crematoriorecantodapaz.com.br\/crematorioveterinario\/a-empresa\/\"><strong>Cremat\u00f3rio Veterin\u00e1rio Recanto da Paz<\/strong><\/a>:<\/p>\n<div class=\"su-image-carousel  su-image-carousel-has-spacing su-image-carousel-crop su-image-carousel-crop-4-3 su-image-carousel-has-lightbox su-image-carousel-has-outline su-image-carousel-adaptive su-image-carousel-slides-style-default su-image-carousel-controls-style-dark su-image-carousel-align-none\" style=\"\" data-flickity-options='{\"groupCells\":true,\"cellSelector\":\".su-image-carousel-item\",\"adaptiveHeight\":false,\"cellAlign\":\"left\",\"prevNextButtons\":true,\"pageDots\":true,\"autoPlay\":3000,\"imagesLoaded\":true,\"contain\":true,\"selectedAttraction\":0.025000000000000001387778780781445675529539585113525390625,\"friction\":0.2800000000000000266453525910037569701671600341796875}' id=\"su_image_carousel_69fb5cc185e05\"><div class=\"su-image-carousel-item\"><div class=\"su-image-carousel-item-content\"><a href=\"https:\/\/crematoriorecantodapaz.com.br\/crematorioveterinario\/wp-content\/uploads\/2020\/06\/200.jpg\" data-caption=\"Cremat\u00f3rio Veterin\u00e1rio\"><img loading=\"lazy\" decoding=\"async\" width=\"800\" height=\"600\" src=\"https:\/\/crematoriorecantodapaz.com.br\/crematorioveterinario\/wp-content\/uploads\/2020\/06\/200.jpg\" class=\"\" alt=\"Cremat\u00f3rio Veterin\u00e1rio Recanto da Paz\" srcset=\"https:\/\/crematoriorecantodapaz.com.br\/crematorioveterinario\/wp-content\/uploads\/2020\/06\/200.jpg 800w, https:\/\/crematoriorecantodapaz.com.br\/crematorioveterinario\/wp-content\/uploads\/2020\/06\/200-300x225.jpg 300w, https:\/\/crematoriorecantodapaz.com.br\/crematorioveterinario\/wp-content\/uploads\/2020\/06\/200-768x576.jpg 768w\" sizes=\"auto, (max-width: 800px) 100vw, 800px\" \/><\/a><\/div><\/div><div class=\"su-image-carousel-item\"><div class=\"su-image-carousel-item-content\"><a href=\"https:\/\/crematoriorecantodapaz.com.br\/crematorioveterinario\/wp-content\/uploads\/2020\/06\/201.jpg\" data-caption=\"O Cremat\u00f3rio\"><img loading=\"lazy\" decoding=\"async\" width=\"800\" height=\"600\" src=\"https:\/\/crematoriorecantodapaz.com.br\/crematorioveterinario\/wp-content\/uploads\/2020\/06\/201.jpg\" class=\"\" alt=\"Cremat\u00f3rio Veterin\u00e1rio Recanto da Paz\" srcset=\"https:\/\/crematoriorecantodapaz.com.br\/crematorioveterinario\/wp-content\/uploads\/2020\/06\/201.jpg 800w, https:\/\/crematoriorecantodapaz.com.br\/crematorioveterinario\/wp-content\/uploads\/2020\/06\/201-300x225.jpg 300w, https:\/\/crematoriorecantodapaz.com.br\/crematorioveterinario\/wp-content\/uploads\/2020\/06\/201-768x576.jpg 768w\" sizes=\"auto, (max-width: 800px) 100vw, 800px\" \/><\/a><\/div><\/div><div class=\"su-image-carousel-item\"><div class=\"su-image-carousel-item-content\"><a href=\"https:\/\/crematoriorecantodapaz.com.br\/crematorioveterinario\/wp-content\/uploads\/2020\/06\/202.jpg\" data-caption=\"O Cremat\u00f3rio\"><img loading=\"lazy\" decoding=\"async\" width=\"800\" height=\"600\" src=\"https:\/\/crematoriorecantodapaz.com.br\/crematorioveterinario\/wp-content\/uploads\/2020\/06\/202.jpg\" class=\"\" alt=\"Cremat\u00f3rio Veterin\u00e1rio Recanto da Paz\" srcset=\"https:\/\/crematoriorecantodapaz.com.br\/crematorioveterinario\/wp-content\/uploads\/2020\/06\/202.jpg 800w, https:\/\/crematoriorecantodapaz.com.br\/crematorioveterinario\/wp-content\/uploads\/2020\/06\/202-300x225.jpg 300w, https:\/\/crematoriorecantodapaz.com.br\/crematorioveterinario\/wp-content\/uploads\/2020\/06\/202-768x576.jpg 768w\" sizes=\"auto, (max-width: 800px) 100vw, 800px\" \/><\/a><\/div><\/div><div class=\"su-image-carousel-item\"><div class=\"su-image-carousel-item-content\"><a href=\"https:\/\/crematoriorecantodapaz.com.br\/crematorioveterinario\/wp-content\/uploads\/2020\/06\/00.jpg\" data-caption=\"Cremat\u00f3rio Recanto Da Paz\"><img loading=\"lazy\" decoding=\"async\" width=\"960\" height=\"720\" src=\"https:\/\/crematoriorecantodapaz.com.br\/crematorioveterinario\/wp-content\/uploads\/2020\/06\/00.jpg\" class=\"\" alt=\"Cremat\u00f3rio Recanto Da Paz\" srcset=\"https:\/\/crematoriorecantodapaz.com.br\/crematorioveterinario\/wp-content\/uploads\/2020\/06\/00.jpg 960w, https:\/\/crematoriorecantodapaz.com.br\/crematorioveterinario\/wp-content\/uploads\/2020\/06\/00-300x225.jpg 300w, https:\/\/crematoriorecantodapaz.com.br\/crematorioveterinario\/wp-content\/uploads\/2020\/06\/00-768x576.jpg 768w\" sizes=\"auto, (max-width: 960px) 100vw, 960px\" \/><\/a><\/div><\/div><div class=\"su-image-carousel-item\"><div class=\"su-image-carousel-item-content\"><a href=\"https:\/\/crematoriorecantodapaz.com.br\/crematorioveterinario\/wp-content\/uploads\/2020\/06\/001.jpg\" data-caption=\"Cremat\u00f3rio Recanto Da Paz\"><img loading=\"lazy\" decoding=\"async\" width=\"960\" height=\"720\" src=\"https:\/\/crematoriorecantodapaz.com.br\/crematorioveterinario\/wp-content\/uploads\/2020\/06\/001.jpg\" class=\"\" alt=\"Cremat\u00f3rio Recanto Da Paz\" srcset=\"https:\/\/crematoriorecantodapaz.com.br\/crematorioveterinario\/wp-content\/uploads\/2020\/06\/001.jpg 960w, https:\/\/crematoriorecantodapaz.com.br\/crematorioveterinario\/wp-content\/uploads\/2020\/06\/001-300x225.jpg 300w, https:\/\/crematoriorecantodapaz.com.br\/crematorioveterinario\/wp-content\/uploads\/2020\/06\/001-768x576.jpg 768w\" sizes=\"auto, (max-width: 960px) 100vw, 960px\" \/><\/a><\/div><\/div><div class=\"su-image-carousel-item\"><div class=\"su-image-carousel-item-content\"><a href=\"https:\/\/crematoriorecantodapaz.com.br\/crematorioveterinario\/wp-content\/uploads\/2020\/06\/002.jpg\" data-caption=\"Cremat\u00f3rio Recanto Da Paz\"><img loading=\"lazy\" decoding=\"async\" width=\"720\" height=\"960\" src=\"https:\/\/crematoriorecantodapaz.com.br\/crematorioveterinario\/wp-content\/uploads\/2020\/06\/002.jpg\" class=\"\" alt=\"Cremat\u00f3rio Recanto Da Paz\" srcset=\"https:\/\/crematoriorecantodapaz.com.br\/crematorioveterinario\/wp-content\/uploads\/2020\/06\/002.jpg 720w, https:\/\/crematoriorecantodapaz.com.br\/crematorioveterinario\/wp-content\/uploads\/2020\/06\/002-225x300.jpg 225w\" sizes=\"auto, (max-width: 720px) 100vw, 720px\" \/><\/a><\/div><\/div><div class=\"su-image-carousel-item\"><div class=\"su-image-carousel-item-content\"><a href=\"https:\/\/crematoriorecantodapaz.com.br\/crematorioveterinario\/wp-content\/uploads\/2020\/06\/003.jpg\" data-caption=\"Cremat\u00f3rio Recanto Da Paz\"><img loading=\"lazy\" decoding=\"async\" width=\"960\" height=\"720\" src=\"https:\/\/crematoriorecantodapaz.com.br\/crematorioveterinario\/wp-content\/uploads\/2020\/06\/003.jpg\" class=\"\" alt=\"Cremat\u00f3rio Recanto Da Paz\" srcset=\"https:\/\/crematoriorecantodapaz.com.br\/crematorioveterinario\/wp-content\/uploads\/2020\/06\/003.jpg 960w, https:\/\/crematoriorecantodapaz.com.br\/crematorioveterinario\/wp-content\/uploads\/2020\/06\/003-300x225.jpg 300w, https:\/\/crematoriorecantodapaz.com.br\/crematorioveterinario\/wp-content\/uploads\/2020\/06\/003-768x576.jpg 768w\" sizes=\"auto, (max-width: 960px) 100vw, 960px\" \/><\/a><\/div><\/div><div class=\"su-image-carousel-item\"><div class=\"su-image-carousel-item-content\"><a href=\"https:\/\/crematoriorecantodapaz.com.br\/crematorioveterinario\/wp-content\/uploads\/2020\/06\/004.jpg\" data-caption=\"Cremat\u00f3rio Recanto Da Paz\"><img loading=\"lazy\" decoding=\"async\" width=\"960\" height=\"720\" src=\"https:\/\/crematoriorecantodapaz.com.br\/crematorioveterinario\/wp-content\/uploads\/2020\/06\/004.jpg\" class=\"\" alt=\"Cremat\u00f3rio Recanto Da Paz\" srcset=\"https:\/\/crematoriorecantodapaz.com.br\/crematorioveterinario\/wp-content\/uploads\/2020\/06\/004.jpg 960w, https:\/\/crematoriorecantodapaz.com.br\/crematorioveterinario\/wp-content\/uploads\/2020\/06\/004-300x225.jpg 300w, https:\/\/crematoriorecantodapaz.com.br\/crematorioveterinario\/wp-content\/uploads\/2020\/06\/004-768x576.jpg 768w\" sizes=\"auto, (max-width: 960px) 100vw, 960px\" \/><\/a><\/div><\/div><div class=\"su-image-carousel-item\"><div class=\"su-image-carousel-item-content\"><a href=\"https:\/\/crematoriorecantodapaz.com.br\/crematorioveterinario\/wp-content\/uploads\/2020\/06\/005.jpg\" data-caption=\"Cremat\u00f3rio Recanto Da Paz\"><img loading=\"lazy\" decoding=\"async\" width=\"960\" height=\"720\" src=\"https:\/\/crematoriorecantodapaz.com.br\/crematorioveterinario\/wp-content\/uploads\/2020\/06\/005.jpg\" class=\"\" alt=\"Cremat\u00f3rio Recanto Da Paz\" srcset=\"https:\/\/crematoriorecantodapaz.com.br\/crematorioveterinario\/wp-content\/uploads\/2020\/06\/005.jpg 960w, https:\/\/crematoriorecantodapaz.com.br\/crematorioveterinario\/wp-content\/uploads\/2020\/06\/005-300x225.jpg 300w, https:\/\/crematoriorecantodapaz.com.br\/crematorioveterinario\/wp-content\/uploads\/2020\/06\/005-768x576.jpg 768w\" sizes=\"auto, (max-width: 960px) 100vw, 960px\" \/><\/a><\/div><\/div><div class=\"su-image-carousel-item\"><div class=\"su-image-carousel-item-content\"><a href=\"https:\/\/crematoriorecantodapaz.com.br\/crematorioveterinario\/wp-content\/uploads\/2020\/06\/006.jpg\" data-caption=\"Cremat\u00f3rio Recanto Da Paz\"><img loading=\"lazy\" decoding=\"async\" width=\"720\" height=\"960\" src=\"https:\/\/crematoriorecantodapaz.com.br\/crematorioveterinario\/wp-content\/uploads\/2020\/06\/006.jpg\" class=\"\" alt=\"Cremat\u00f3rio Recanto Da Paz\" srcset=\"https:\/\/crematoriorecantodapaz.com.br\/crematorioveterinario\/wp-content\/uploads\/2020\/06\/006.jpg 720w, https:\/\/crematoriorecantodapaz.com.br\/crematorioveterinario\/wp-content\/uploads\/2020\/06\/006-225x300.jpg 225w\" sizes=\"auto, (max-width: 720px) 100vw, 720px\" \/><\/a><\/div><\/div><div class=\"su-image-carousel-item\"><div class=\"su-image-carousel-item-content\"><a href=\"https:\/\/crematoriorecantodapaz.com.br\/crematorioveterinario\/wp-content\/uploads\/2020\/06\/007.jpg\" data-caption=\"Cremat\u00f3rio Recanto Da Paz\"><img loading=\"lazy\" decoding=\"async\" width=\"720\" height=\"960\" src=\"https:\/\/crematoriorecantodapaz.com.br\/crematorioveterinario\/wp-content\/uploads\/2020\/06\/007.jpg\" class=\"\" alt=\"Cremat\u00f3rio Recanto Da Paz\" srcset=\"https:\/\/crematoriorecantodapaz.com.br\/crematorioveterinario\/wp-content\/uploads\/2020\/06\/007.jpg 720w, https:\/\/crematoriorecantodapaz.com.br\/crematorioveterinario\/wp-content\/uploads\/2020\/06\/007-225x300.jpg 225w\" sizes=\"auto, (max-width: 720px) 100vw, 720px\" \/><\/a><\/div><\/div><div class=\"su-image-carousel-item\"><div class=\"su-image-carousel-item-content\"><a href=\"https:\/\/crematoriorecantodapaz.com.br\/crematorioveterinario\/wp-content\/uploads\/2020\/06\/007a.jpg\" data-caption=\"Cremat\u00f3rio Recanto Da Paz\"><img loading=\"lazy\" decoding=\"async\" width=\"960\" height=\"720\" src=\"https:\/\/crematoriorecantodapaz.com.br\/crematorioveterinario\/wp-content\/uploads\/2020\/06\/007a.jpg\" class=\"\" alt=\"Cremat\u00f3rio Recanto Da Paz\" srcset=\"https:\/\/crematoriorecantodapaz.com.br\/crematorioveterinario\/wp-content\/uploads\/2020\/06\/007a.jpg 960w, https:\/\/crematoriorecantodapaz.com.br\/crematorioveterinario\/wp-content\/uploads\/2020\/06\/007a-300x225.jpg 300w, https:\/\/crematoriorecantodapaz.com.br\/crematorioveterinario\/wp-content\/uploads\/2020\/06\/007a-768x576.jpg 768w\" sizes=\"auto, (max-width: 960px) 100vw, 960px\" \/><\/a><\/div><\/div><div class=\"su-image-carousel-item\"><div class=\"su-image-carousel-item-content\"><a href=\"https:\/\/crematoriorecantodapaz.com.br\/crematorioveterinario\/wp-content\/uploads\/2020\/06\/11.jpg\" data-caption=\"Cremat\u00f3rio Recanto Da Paz\"><img loading=\"lazy\" decoding=\"async\" width=\"960\" height=\"720\" src=\"https:\/\/crematoriorecantodapaz.com.br\/crematorioveterinario\/wp-content\/uploads\/2020\/06\/11.jpg\" class=\"\" alt=\"Cremat\u00f3rio Recanto Da Paz\" srcset=\"https:\/\/crematoriorecantodapaz.com.br\/crematorioveterinario\/wp-content\/uploads\/2020\/06\/11.jpg 960w, https:\/\/crematoriorecantodapaz.com.br\/crematorioveterinario\/wp-content\/uploads\/2020\/06\/11-300x225.jpg 300w, https:\/\/crematoriorecantodapaz.com.br\/crematorioveterinario\/wp-content\/uploads\/2020\/06\/11-768x576.jpg 768w\" sizes=\"auto, (max-width: 960px) 100vw, 960px\" \/><\/a><\/div><\/div><div class=\"su-image-carousel-item\"><div class=\"su-image-carousel-item-content\"><a href=\"https:\/\/crematoriorecantodapaz.com.br\/crematorioveterinario\/wp-content\/uploads\/2020\/06\/12.jpg\" data-caption=\"Cremat\u00f3rio Recanto Da Paz\"><img loading=\"lazy\" decoding=\"async\" width=\"540\" height=\"720\" src=\"https:\/\/crematoriorecantodapaz.com.br\/crematorioveterinario\/wp-content\/uploads\/2020\/06\/12.jpg\" class=\"\" alt=\"Cremat\u00f3rio Recanto Da Paz\" srcset=\"https:\/\/crematoriorecantodapaz.com.br\/crematorioveterinario\/wp-content\/uploads\/2020\/06\/12.jpg 540w, https:\/\/crematoriorecantodapaz.com.br\/crematorioveterinario\/wp-content\/uploads\/2020\/06\/12-225x300.jpg 225w\" sizes=\"auto, (max-width: 540px) 100vw, 540px\" \/><\/a><\/div><\/div><div class=\"su-image-carousel-item\"><div class=\"su-image-carousel-item-content\"><a href=\"https:\/\/crematoriorecantodapaz.com.br\/crematorioveterinario\/wp-content\/uploads\/2020\/06\/205.jpg\" data-caption=\"Forno do Cremat\u00f3rio\"><img loading=\"lazy\" decoding=\"async\" width=\"800\" height=\"600\" src=\"https:\/\/crematoriorecantodapaz.com.br\/crematorioveterinario\/wp-content\/uploads\/2020\/06\/205.jpg\" class=\"\" alt=\"Cremat\u00f3rio Veterin\u00e1rio Recanto da Paz\" srcset=\"https:\/\/crematoriorecantodapaz.com.br\/crematorioveterinario\/wp-content\/uploads\/2020\/06\/205.jpg 800w, https:\/\/crematoriorecantodapaz.com.br\/crematorioveterinario\/wp-content\/uploads\/2020\/06\/205-300x225.jpg 300w, https:\/\/crematoriorecantodapaz.com.br\/crematorioveterinario\/wp-content\/uploads\/2020\/06\/205-768x576.jpg 768w\" sizes=\"auto, (max-width: 800px) 100vw, 800px\" \/><\/a><\/div><\/div><div class=\"su-image-carousel-item\"><div class=\"su-image-carousel-item-content\"><a href=\"https:\/\/crematoriorecantodapaz.com.br\/crematorioveterinario\/wp-content\/uploads\/2020\/06\/203.jpg\" data-caption=\"Forno do Cremat\u00f3rio\"><img loading=\"lazy\" decoding=\"async\" width=\"800\" height=\"600\" src=\"https:\/\/crematoriorecantodapaz.com.br\/crematorioveterinario\/wp-content\/uploads\/2020\/06\/203.jpg\" class=\"\" alt=\"Cremat\u00f3rio Veterin\u00e1rio Recanto da Paz\" srcset=\"https:\/\/crematoriorecantodapaz.com.br\/crematorioveterinario\/wp-content\/uploads\/2020\/06\/203.jpg 800w, https:\/\/crematoriorecantodapaz.com.br\/crematorioveterinario\/wp-content\/uploads\/2020\/06\/203-300x225.jpg 300w, https:\/\/crematoriorecantodapaz.com.br\/crematorioveterinario\/wp-content\/uploads\/2020\/06\/203-768x576.jpg 768w\" sizes=\"auto, (max-width: 800px) 100vw, 800px\" \/><\/a><\/div><\/div><div class=\"su-image-carousel-item\"><div class=\"su-image-carousel-item-content\"><a href=\"https:\/\/crematoriorecantodapaz.com.br\/crematorioveterinario\/wp-content\/uploads\/2020\/06\/209.jpg\" data-caption=\"Sala de Vel\u00f3rio\"><img loading=\"lazy\" decoding=\"async\" width=\"800\" height=\"600\" src=\"https:\/\/crematoriorecantodapaz.com.br\/crematorioveterinario\/wp-content\/uploads\/2020\/06\/209.jpg\" class=\"\" alt=\"Cremat\u00f3rio Veterin\u00e1rio Recanto da Paz\" srcset=\"https:\/\/crematoriorecantodapaz.com.br\/crematorioveterinario\/wp-content\/uploads\/2020\/06\/209.jpg 800w, https:\/\/crematoriorecantodapaz.com.br\/crematorioveterinario\/wp-content\/uploads\/2020\/06\/209-300x225.jpg 300w, https:\/\/crematoriorecantodapaz.com.br\/crematorioveterinario\/wp-content\/uploads\/2020\/06\/209-768x576.jpg 768w\" sizes=\"auto, (max-width: 800px) 100vw, 800px\" \/><\/a><\/div><\/div><div class=\"su-image-carousel-item\"><div class=\"su-image-carousel-item-content\"><a href=\"https:\/\/crematoriorecantodapaz.com.br\/crematorioveterinario\/wp-content\/uploads\/2020\/06\/210.jpg\" data-caption=\"Forno e C\u00e2maras\"><img loading=\"lazy\" decoding=\"async\" width=\"800\" height=\"600\" src=\"https:\/\/crematoriorecantodapaz.com.br\/crematorioveterinario\/wp-content\/uploads\/2020\/06\/210.jpg\" class=\"\" alt=\"Cremat\u00f3rio Veterin\u00e1rio Recanto da Paz\" srcset=\"https:\/\/crematoriorecantodapaz.com.br\/crematorioveterinario\/wp-content\/uploads\/2020\/06\/210.jpg 800w, https:\/\/crematoriorecantodapaz.com.br\/crematorioveterinario\/wp-content\/uploads\/2020\/06\/210-300x225.jpg 300w, https:\/\/crematoriorecantodapaz.com.br\/crematorioveterinario\/wp-content\/uploads\/2020\/06\/210-768x576.jpg 768w\" sizes=\"auto, (max-width: 800px) 100vw, 800px\" \/><\/a><\/div><\/div><div class=\"su-image-carousel-item\"><div class=\"su-image-carousel-item-content\"><a href=\"https:\/\/crematoriorecantodapaz.com.br\/crematorioveterinario\/wp-content\/uploads\/2020\/06\/207.jpg\" data-caption=\"Instala\u00e7\u00f5es\"><img loading=\"lazy\" decoding=\"async\" width=\"800\" height=\"600\" src=\"https:\/\/crematoriorecantodapaz.com.br\/crematorioveterinario\/wp-content\/uploads\/2020\/06\/207.jpg\" class=\"\" alt=\"Cremat\u00f3rio Veterin\u00e1rio Recanto da Paz\" srcset=\"https:\/\/crematoriorecantodapaz.com.br\/crematorioveterinario\/wp-content\/uploads\/2020\/06\/207.jpg 800w, https:\/\/crematoriorecantodapaz.com.br\/crematorioveterinario\/wp-content\/uploads\/2020\/06\/207-300x225.jpg 300w, https:\/\/crematoriorecantodapaz.com.br\/crematorioveterinario\/wp-content\/uploads\/2020\/06\/207-768x576.jpg 768w\" sizes=\"auto, (max-width: 800px) 100vw, 800px\" \/><\/a><\/div><\/div><div class=\"su-image-carousel-item\"><div class=\"su-image-carousel-item-content\"><a href=\"https:\/\/crematoriorecantodapaz.com.br\/crematorioveterinario\/wp-content\/uploads\/2020\/06\/218.jpg\" data-caption=\"Sala de Vel\u00f3rio\"><img loading=\"lazy\" decoding=\"async\" width=\"800\" height=\"600\" src=\"https:\/\/crematoriorecantodapaz.com.br\/crematorioveterinario\/wp-content\/uploads\/2020\/06\/218.jpg\" class=\"\" alt=\"Cremat\u00f3rio Veterin\u00e1rio Recanto da Paz\" srcset=\"https:\/\/crematoriorecantodapaz.com.br\/crematorioveterinario\/wp-content\/uploads\/2020\/06\/218.jpg 800w, https:\/\/crematoriorecantodapaz.com.br\/crematorioveterinario\/wp-content\/uploads\/2020\/06\/218-300x225.jpg 300w, https:\/\/crematoriorecantodapaz.com.br\/crematorioveterinario\/wp-content\/uploads\/2020\/06\/218-768x576.jpg 768w\" sizes=\"auto, (max-width: 800px) 100vw, 800px\" \/><\/a><\/div><\/div><div class=\"su-image-carousel-item\"><div class=\"su-image-carousel-item-content\"><a href=\"https:\/\/crematoriorecantodapaz.com.br\/crematorioveterinario\/wp-content\/uploads\/2020\/06\/215.jpg\" data-caption=\"O Cremat\u00f3rio\"><img loading=\"lazy\" decoding=\"async\" width=\"800\" height=\"600\" src=\"https:\/\/crematoriorecantodapaz.com.br\/crematorioveterinario\/wp-content\/uploads\/2020\/06\/215.jpg\" class=\"\" alt=\"Cremat\u00f3rio Veterin\u00e1rio Recanto da Paz\" srcset=\"https:\/\/crematoriorecantodapaz.com.br\/crematorioveterinario\/wp-content\/uploads\/2020\/06\/215.jpg 800w, https:\/\/crematoriorecantodapaz.com.br\/crematorioveterinario\/wp-content\/uploads\/2020\/06\/215-300x225.jpg 300w, https:\/\/crematoriorecantodapaz.com.br\/crematorioveterinario\/wp-content\/uploads\/2020\/06\/215-768x576.jpg 768w\" sizes=\"auto, (max-width: 800px) 100vw, 800px\" \/><\/a><\/div><\/div><div class=\"su-image-carousel-item\"><div class=\"su-image-carousel-item-content\"><a href=\"https:\/\/crematoriorecantodapaz.com.br\/crematorioveterinario\/wp-content\/uploads\/2020\/06\/208.jpg\" data-caption=\"Estacionamento\"><img loading=\"lazy\" decoding=\"async\" width=\"800\" height=\"600\" src=\"https:\/\/crematoriorecantodapaz.com.br\/crematorioveterinario\/wp-content\/uploads\/2020\/06\/208.jpg\" class=\"\" alt=\"Cremat\u00f3rio Veterin\u00e1rio Recanto da Paz\" srcset=\"https:\/\/crematoriorecantodapaz.com.br\/crematorioveterinario\/wp-content\/uploads\/2020\/06\/208.jpg 800w, https:\/\/crematoriorecantodapaz.com.br\/crematorioveterinario\/wp-content\/uploads\/2020\/06\/208-300x225.jpg 300w, https:\/\/crematoriorecantodapaz.com.br\/crematorioveterinario\/wp-content\/uploads\/2020\/06\/208-768x576.jpg 768w\" sizes=\"auto, (max-width: 800px) 100vw, 800px\" \/><\/a><\/div><\/div><\/div><script id=\"su_image_carousel_69fb5cc185e05_script\">if(window.SUImageCarousel){setTimeout(function() {window.SUImageCarousel.initGallery(document.getElementById(\"su_image_carousel_69fb5cc185e05\"))}, 0);}var su_image_carousel_69fb5cc185e05_script=document.getElementById(\"su_image_carousel_69fb5cc185e05_script\");if(su_image_carousel_69fb5cc185e05_script){su_image_carousel_69fb5cc185e05_script.parentNode.removeChild(su_image_carousel_69fb5cc185e05_script);}<\/script>\n<p>&nbsp;<\/p>\n<p><iframe loading=\"lazy\" src=\"https:\/\/www.youtube.com\/embed\/1RH7QCW-fp0\" width=\"560\" height=\"315\" frameborder=\"0\" allowfullscreen=\"allowfullscreen\"><\/iframe><\/p>\n\t\t<div id=\"instagram-gallery-feed-7\" class=\"instagram-gallery-feed\" data-feed=\"{&quot;id&quot;:7,&quot;account_id&quot;:&quot;17841436790904968&quot;,&quot;source&quot;:&quot;username&quot;,&quot;tag&quot;:&quot;wordpress&quot;,&quot;order_by&quot;:&quot;top_media&quot;,&quot;layout&quot;:&quot;gallery&quot;,&quot;limit&quot;:50,&quot;columns&quot;:3,&quot;spacing&quot;:10,&quot;lazy&quot;:false,&quot;responsive&quot;:{&quot;desktop&quot;:{&quot;columns&quot;:3,&quot;spacing&quot;:10},&quot;tablet&quot;:{&quot;columns&quot;:2,&quot;spacing&quot;:8},&quot;mobile&quot;:{&quot;columns&quot;:1,&quot;spacing&quot;:6},&quot;breakpoints&quot;:{&quot;tablet&quot;:768,&quot;mobile&quot;:480}},&quot;aspect_ratio&quot;:{&quot;width&quot;:1,&quot;height&quot;:1},&quot;highlight&quot;:{&quot;tag&quot;:&quot;&quot;,&quot;id&quot;:&quot;&quot;,&quot;position&quot;:&quot;&quot;},&quot;reel&quot;:{&quot;hide&quot;:false},&quot;copyright&quot;:{&quot;hide&quot;:false,&quot;placeholder&quot;:&quot;&quot;},&quot;profile&quot;:{&quot;display&quot;:false,&quot;username&quot;:&quot;&quot;,&quot;nickname&quot;:&quot;&quot;,&quot;website&quot;:&quot;&quot;,&quot;biography&quot;:&quot;&quot;,&quot;link_text&quot;:&quot;Follow&quot;,&quot;website_text&quot;:&quot;Website&quot;,&quot;avatar&quot;:&quot;&quot;},&quot;box&quot;:{&quot;display&quot;:false,&quot;padding&quot;:1,&quot;radius&quot;:0,&quot;background&quot;:&quot;#fefefe&quot;,&quot;profile&quot;:false,&quot;desc&quot;:&quot;&quot;,&quot;text_color&quot;:&quot;#000000&quot;},&quot;mask&quot;:{&quot;display&quot;:true,&quot;background&quot;:&quot;#000000&quot;,&quot;icon_color&quot;:&quot;#ffffff&quot;,&quot;likes_count&quot;:true,&quot;comments_count&quot;:true},&quot;card&quot;:{&quot;display&quot;:false,&quot;radius&quot;:1,&quot;font_size&quot;:12,&quot;background&quot;:&quot;#ffffff&quot;,&quot;background_hover&quot;:&quot;&quot;,&quot;text_color&quot;:&quot;#000000&quot;,&quot;padding&quot;:5,&quot;likes_count&quot;:true,&quot;text_length&quot;:10,&quot;comments_count&quot;:true,&quot;text_align&quot;:&quot;left&quot;},&quot;carousel&quot;:{&quot;centered_slides&quot;:false,&quot;autoplay&quot;:false,&quot;autoplay_interval&quot;:3000,&quot;navarrows&quot;:true,&quot;navarrows_color&quot;:&quot;&quot;,&quot;pagination&quot;:true,&quot;pagination_color&quot;:&quot;&quot;},&quot;modal&quot;:{&quot;display&quot;:true,&quot;profile&quot;:false,&quot;media_description&quot;:true,&quot;likes_count&quot;:true,&quot;comments_count&quot;:true,&quot;comments_list&quot;:false,&quot;text_align&quot;:&quot;left&quot;,&quot;modal_align&quot;:&quot;right&quot;,&quot;text_length&quot;:10000,&quot;font_size&quot;:12},&quot;button&quot;:{&quot;display&quot;:true,&quot;text&quot;:&quot;View on Instagram&quot;,&quot;text_color&quot;:&quot;#ffff&quot;,&quot;background&quot;:&quot;&quot;,&quot;background_hover&quot;:&quot;&quot;},&quot;button_load&quot;:{&quot;display&quot;:false,&quot;text&quot;:&quot;Load more...&quot;,&quot;text_color&quot;:&quot;#ffff&quot;,&quot;background&quot;:&quot;&quot;,&quot;background_hover&quot;:&quot;&quot;}}\">\n\t\t<!-- <FeedContainer\/> -->\n\t\t<\/div>\n\t\t\n","protected":false},"excerpt":{"rendered":"<p>Conhe\u00e7a aqui v\u00eddeos e fotos em destaque na m\u00eddia e redes sociais do Cremat\u00f3rio Veterin\u00e1rio Recanto da Paz: &nbsp;<\/p>\n","protected":false},"author":1,"featured_media":0,"parent":0,"menu_order":0,"comment_status":"closed","ping_status":"closed","template":"","meta":{"footnotes":"","_links_to":"","_links_to_target":""},"class_list":["post-24","page","type-page","status-publish","hentry"],"_links":{"self":[{"href":"https:\/\/crematoriorecantodapaz.com.br\/crematorioveterinario\/wp-json\/wp\/v2\/pages\/24","targetHints":{"allow":["GET"]}}],"collection":[{"href":"https:\/\/crematoriorecantodapaz.com.br\/crematorioveterinario\/wp-json\/wp\/v2\/pages"}],"about":[{"href":"https:\/\/crematoriorecantodapaz.com.br\/crematorioveterinario\/wp-json\/wp\/v2\/types\/page"}],"author":[{"embeddable":true,"href":"https:\/\/crematoriorecantodapaz.com.br\/crematorioveterinario\/wp-json\/wp\/v2\/users\/1"}],"replies":[{"embeddable":true,"href":"https:\/\/crematoriorecantodapaz.com.br\/crematorioveterinario\/wp-json\/wp\/v2\/comments?post=24"}],"version-history":[{"count":6,"href":"https:\/\/crematoriorecantodapaz.com.br\/crematorioveterinario\/wp-json\/wp\/v2\/pages\/24\/revisions"}],"predecessor-version":[{"id":358,"href":"https:\/\/crematoriorecantodapaz.com.br\/crematorioveterinario\/wp-json\/wp\/v2\/pages\/24\/revisions\/358"}],"wp:attachment":[{"href":"https:\/\/crematoriorecantodapaz.com.br\/crematorioveterinario\/wp-json\/wp\/v2\/media?parent=24"}],"curies":[{"name":"wp","href":"https:\/\/api.w.org\/{rel}","templated":true}]}}