{"id":22,"date":"2020-06-05T13:48:51","date_gmt":"2020-06-05T16:48:51","guid":{"rendered":"https:\/\/crematoriorecantodapaz.com.br\/crematorioveterinario\/?page_id=22"},"modified":"2021-03-24T15:31:11","modified_gmt":"2021-03-24T18:31:11","slug":"parceiros","status":"publish","type":"page","link":"https:\/\/crematoriorecantodapaz.com.br\/crematorioveterinario\/parceiros\/","title":{"rendered":"Parceiros"},"content":{"rendered":"<p>Conhe\u00e7a aqui os principais parceiros do <a href=\"https:\/\/crematoriorecantodapaz.com.br\/crematorioveterinario\/a-empresa\/\"><strong>Cremat\u00f3rio Veterin\u00e1rio Recanto da Paz<\/strong><\/a>:<\/p>\n<div class=\"su-custom-gallery su-custom-gallery-align-left su-custom-gallery-title-hover\"><div class=\"su-custom-gallery-slide\" style=\"width:200px;height:200px\"><a><img loading=\"lazy\" decoding=\"async\" src=\"https:\/\/crematoriorecantodapaz.com.br\/crematorioveterinario\/wp-content\/uploads\/2020\/06\/veterinaria_pedrodorio-200x200.jpg\" alt=\"Veterin\u00e1ria Pedro do Rio\" width=\"200\" height=\"200\" \/><span class=\"su-custom-gallery-title\">Veterin\u00e1ria Pedro do Rio<\/span><\/a><\/div><div class=\"su-custom-gallery-slide\" style=\"width:200px;height:200px\"><a href=\"https:\/\/www.facebook.com\/veterinariaprontovet\/\" target=\"_blank\" title=\"Cl\u00ednica Pronto Vet\"><img loading=\"lazy\" decoding=\"async\" src=\"https:\/\/crematoriorecantodapaz.com.br\/crematorioveterinario\/wp-content\/uploads\/2020\/06\/pronto_vet-200x200.jpg\" alt=\"Cl\u00ednica Pronto Vet\" width=\"200\" height=\"200\" \/><span class=\"su-custom-gallery-title\">Cl\u00ednica Pronto Vet<\/span><\/a><\/div><div class=\"su-custom-gallery-slide\" style=\"width:200px;height:200px\"><a href=\"https:\/\/www.facebook.com\/veterinariaviladesaofrancisco\/\" target=\"_blank\" title=\"Cl\u00ednica Veterin\u00e1ria da Vila de S\u00e3o Francisco\"><img loading=\"lazy\" decoding=\"async\" src=\"https:\/\/crematoriorecantodapaz.com.br\/crematorioveterinario\/wp-content\/uploads\/2020\/06\/veterinaria_sfrancisco-200x200.jpg\" alt=\"Cl\u00ednica Veterin\u00e1ria da Vila de S\u00e3o Francisco\" width=\"200\" height=\"200\" \/><span class=\"su-custom-gallery-title\">Cl\u00ednica Veterin\u00e1ria da Vila de S\u00e3o Francisco<\/span><\/a><\/div><div class=\"su-custom-gallery-slide\" style=\"width:200px;height:200px\"><a href=\"https:\/\/www.facebook.com\/Veterin%C3%A1ria-Posse-1642229705994835\/\" target=\"_blank\" title=\"Veterin\u00e1ria da Posse\"><img loading=\"lazy\" decoding=\"async\" src=\"https:\/\/crematoriorecantodapaz.com.br\/crematorioveterinario\/wp-content\/uploads\/2020\/06\/veterinaria_posse-200x200.jpg\" alt=\"Veterin\u00e1ria da Posse\" width=\"200\" height=\"200\" \/><span class=\"su-custom-gallery-title\">Veterin\u00e1ria da Posse<\/span><\/a><\/div><div class=\"su-custom-gallery-slide\" style=\"width:200px;height:200px\"><a href=\"https:\/\/www.facebook.com\/veterinariauniao\/\" target=\"_blank\" title=\"Veterin\u00e1ria Uni\u00e3o\"><img loading=\"lazy\" decoding=\"async\" src=\"https:\/\/crematoriorecantodapaz.com.br\/crematorioveterinario\/wp-content\/uploads\/2020\/06\/veterinaria_uniao-200x200.jpg\" alt=\"Veterin\u00e1ria Uni\u00e3o\" width=\"200\" height=\"200\" \/><span class=\"su-custom-gallery-title\">Veterin\u00e1ria Uni\u00e3o<\/span><\/a><\/div><div class=\"su-custom-gallery-slide\" style=\"width:200px;height:200px\"><a href=\"http:\/\/veterinariapetropolis.com.br\/\" target=\"_blank\" title=\"Cl\u00ednica Veterin\u00e1ria Petr\u00f3polis\"><img loading=\"lazy\" decoding=\"async\" src=\"https:\/\/crematoriorecantodapaz.com.br\/crematorioveterinario\/wp-content\/uploads\/2020\/06\/veterinaria_petropolis-200x200.jpg\" alt=\"Cl\u00ednica Veterin\u00e1ria Petr\u00f3polis\" width=\"200\" height=\"200\" \/><span class=\"su-custom-gallery-title\">Cl\u00ednica Veterin\u00e1ria Petr\u00f3polis<\/span><\/a><\/div><div class=\"su-custom-gallery-slide\" style=\"width:200px;height:200px\"><a href=\"https:\/\/www.facebook.com\/pg\/Veterin%C3%A1ria-Maria-Comprida-332153360253147\/about\/\" target=\"_blank\" title=\"Veterin\u00e1ria Maria Comprida\"><img loading=\"lazy\" decoding=\"async\" src=\"https:\/\/crematoriorecantodapaz.com.br\/crematorioveterinario\/wp-content\/uploads\/2020\/06\/veterinaria_mariacomprida-200x200.jpg\" alt=\"Veterin\u00e1ria Maria Comprida\" width=\"200\" height=\"200\" \/><span class=\"su-custom-gallery-title\">Veterin\u00e1ria Maria Comprida<\/span><\/a><\/div><div class=\"su-custom-gallery-slide\" style=\"width:200px;height:200px\"><a href=\"https:\/\/www.facebook.com\/veterinarianogueira\/\" target=\"_blank\" title=\"Veterin\u00e1ria de Nogueira\"><img loading=\"lazy\" decoding=\"async\" src=\"https:\/\/crematoriorecantodapaz.com.br\/crematorioveterinario\/wp-content\/uploads\/2020\/06\/veterinaria_nogueira-200x200.jpg\" alt=\"Veterin\u00e1ria de Nogueira\" width=\"200\" height=\"200\" \/><span class=\"su-custom-gallery-title\">Veterin\u00e1ria de Nogueira<\/span><\/a><\/div><div class=\"su-custom-gallery-slide\" style=\"width:200px;height:200px\"><a><img loading=\"lazy\" decoding=\"async\" src=\"https:\/\/crematoriorecantodapaz.com.br\/crematorioveterinario\/wp-content\/uploads\/2020\/06\/veterinaria_petcarangola-200x200.jpg\" alt=\"Veterin\u00e1ria Pet Carangola\" width=\"200\" height=\"200\" \/><span class=\"su-custom-gallery-title\">Veterin\u00e1ria Pet Carangola<\/span><\/a><\/div><div class=\"su-custom-gallery-slide\" style=\"width:200px;height:200px\"><a href=\"https:\/\/www.amigobichopetropolis.com.br\" target=\"_blank\" title=\"Veterin\u00e1ria Amigo Bicho\"><img loading=\"lazy\" decoding=\"async\" src=\"https:\/\/crematoriorecantodapaz.com.br\/crematorioveterinario\/wp-content\/uploads\/2020\/06\/veterinaria_bicho-200x200.jpg\" alt=\"Veterin\u00e1ria Amigo Bicho\" width=\"200\" height=\"200\" \/><span class=\"su-custom-gallery-title\">Veterin\u00e1ria Amigo Bicho<\/span><\/a><\/div><div class=\"su-custom-gallery-slide\" style=\"width:200px;height:200px\"><a href=\"http:\/\/paraisoanimalcremacao.com.br\/\" target=\"_blank\" title=\"Para\u00edso Animal Crema\u00e7\u00e3o\"><img loading=\"lazy\" decoding=\"async\" src=\"https:\/\/crematoriorecantodapaz.com.br\/crematorioveterinario\/wp-content\/uploads\/2020\/09\/paraiso3-200x200.jpg\" alt=\"Para\u00edso Animal Crema\u00e7\u00e3o\" width=\"200\" height=\"200\" \/><span class=\"su-custom-gallery-title\">Para\u00edso Animal Crema\u00e7\u00e3o<\/span><\/a><\/div><div class=\"su-clear\"><\/div><\/div>\n<div class=\"su-table su-table-alternate\">\n<h3>Telefones de contato de nossos parceiros:<\/h3>\n<table>\n<tbody>\n<tr>\n<td><a href=\"http:\/\/veterinariapetropolis.com.br\/\" target=\"_blank\" rel=\"noopener noreferrer\"><strong>Cl\u00ednica Veterin\u00e1ria Petr\u00f3polis<\/strong><\/a><\/td>\n<td>(24) 2242-1788<\/td>\n<\/tr>\n<tr>\n<td><a href=\"https:\/\/veterinariaeobichobingenortopedia.business.site\/\"><strong>Cl\u00ednica Veterin\u00e1ria \u00c9 o Bicho<\/strong><\/a><\/td>\n<td>(24) 2243- 5678<\/td>\n<\/tr>\n<tr>\n<td><strong>Cl\u00ednica Veterin\u00e1ria Bicharada<\/strong><\/td>\n<td>(24) 2222-8080<\/td>\n<\/tr>\n<tr>\n<td><a href=\"https:\/\/www.facebook.com\/veterinariauniao\/\"><strong>Cl\u00ednica Veterin\u00e1ria Uni\u00e3o<\/strong><\/a><\/td>\n<td>(24) 2221-4216<\/td>\n<\/tr>\n<tr>\n<td><a href=\"https:\/\/www.facebook.com\/veterinariaviladesaofrancisco\/\"><strong>Cl\u00ednica Veterin\u00e1ria Vila S\u00e3o Francisco<\/strong><\/a><\/td>\n<td>(24) 2221-2747<\/td>\n<\/tr>\n<tr>\n<td><strong>Cl\u00ednica Veterin\u00e1ria Animal Center<\/strong><\/td>\n<td>(24) 2221-1729<\/td>\n<\/tr>\n<tr>\n<td><a href=\"https:\/\/www.amigobichopetropolis.com.br\/\" target=\"_blank\" rel=\"noopener noreferrer\"><strong>Cl\u00ednica Veterin\u00e1ria Amigo Bicho<\/strong><\/a><\/td>\n<td>(24) 2243-2477<\/td>\n<\/tr>\n<tr>\n<td><a href=\"http:\/\/www.vetpatasepelos.com.br\/\" target=\"_blank\" rel=\"noopener noreferrer\"><strong>Cl\u00ednica Veterin\u00e1ria Patas e Pelos<\/strong><\/a><\/td>\n<td>(24) 2237-3319<\/td>\n<\/tr>\n<tr>\n<td><a href=\"http:\/\/www.veterinariacoronelveiga.com.br\/\" target=\"_blank\" rel=\"noopener noreferrer\"><strong>Cl\u00ednica Veterin\u00e1ria Coronel Veiga<\/strong><\/a><\/td>\n<td>(24) 2242-8671<\/td>\n<\/tr>\n<tr>\n<td><strong>Cl\u00ednica Veterin\u00e1ria Dr.Kling<\/strong><\/td>\n<td>(24) 2242-9095<\/td>\n<\/tr>\n<tr>\n<td><strong>Cl\u00ednica Veterin\u00e1ria Dr\u00aa. Beatrice<\/strong><\/td>\n<td>(24) 9 8808-8075<\/td>\n<\/tr>\n<tr>\n<td><strong>Cl\u00ednica Veterin\u00e1ria Pedro do Rio<\/strong><\/td>\n<td>(24) 2223-2935<\/td>\n<\/tr>\n<tr>\n<td><a href=\"https:\/\/www.facebook.com\/Veterin%C3%A1ria-Posse-1642229705994835\/\"><strong>Cl\u00ednica Veterin\u00e1ria Posse<\/strong><\/a><\/td>\n<td>(24) 2259-1226<\/td>\n<\/tr>\n<tr>\n<td><a href=\"https:\/\/paraisoanimalcremacao.com.br\/\" target=\"_blank\" rel=\"noopener noreferrer\"><strong>Para\u00edso Animal<\/strong><\/a><\/td>\n<td>(21) 96934-9279 \/ (21) 96407-5683<\/td>\n<\/tr>\n<\/tbody>\n<\/table>\n<\/div>\n","protected":false},"excerpt":{"rendered":"<p>Conhe\u00e7a aqui os principais parceiros do Cremat\u00f3rio Veterin\u00e1rio Recanto da Paz:<\/p>\n","protected":false},"author":1,"featured_media":0,"parent":0,"menu_order":0,"comment_status":"closed","ping_status":"closed","template":"","meta":{"footnotes":"","_links_to":"","_links_to_target":""},"class_list":["post-22","page","type-page","status-publish","hentry"],"_links":{"self":[{"href":"https:\/\/crematoriorecantodapaz.com.br\/crematorioveterinario\/wp-json\/wp\/v2\/pages\/22","targetHints":{"allow":["GET"]}}],"collection":[{"href":"https:\/\/crematoriorecantodapaz.com.br\/crematorioveterinario\/wp-json\/wp\/v2\/pages"}],"about":[{"href":"https:\/\/crematoriorecantodapaz.com.br\/crematorioveterinario\/wp-json\/wp\/v2\/types\/page"}],"author":[{"embeddable":true,"href":"https:\/\/crematoriorecantodapaz.com.br\/crematorioveterinario\/wp-json\/wp\/v2\/users\/1"}],"replies":[{"embeddable":true,"href":"https:\/\/crematoriorecantodapaz.com.br\/crematorioveterinario\/wp-json\/wp\/v2\/comments?post=22"}],"version-history":[{"count":24,"href":"https:\/\/crematoriorecantodapaz.com.br\/crematorioveterinario\/wp-json\/wp\/v2\/pages\/22\/revisions"}],"predecessor-version":[{"id":397,"href":"https:\/\/crematoriorecantodapaz.com.br\/crematorioveterinario\/wp-json\/wp\/v2\/pages\/22\/revisions\/397"}],"wp:attachment":[{"href":"https:\/\/crematoriorecantodapaz.com.br\/crematorioveterinario\/wp-json\/wp\/v2\/media?parent=22"}],"curies":[{"name":"wp","href":"https:\/\/api.w.org\/{rel}","templated":true}]}}