{"id":18,"date":"2020-06-05T13:48:30","date_gmt":"2020-06-05T16:48:30","guid":{"rendered":"https:\/\/crematoriorecantodapaz.com.br\/crematorioveterinario\/?page_id=18"},"modified":"2020-06-16T16:29:48","modified_gmt":"2020-06-16T19:29:48","slug":"instalacoes","status":"publish","type":"page","link":"https:\/\/crematoriorecantodapaz.com.br\/crematorioveterinario\/instalacoes\/","title":{"rendered":"Instala\u00e7\u00f5es"},"content":{"rendered":"<p>O <a href=\"https:\/\/crematoriorecantodapaz.com.br\/crematorioveterinario\/a-empresa\/\"><strong>Cremat\u00f3rio Veterin\u00e1rio Recanto da Paz<\/strong><\/a>\u00a0est\u00e1 localizado em Corr\u00eaas, na cidade de Petr\u00f3polis, a apenas 68 km do Rio de Janeiro.<br \/>\nInstalado em bela verde, repleta de natureza ao redor e bel\u00edssima vista para as montanhas da regi\u00e3o, o <a href=\"https:\/\/crematoriorecantodapaz.com.br\/crematorioveterinario\/a-empresa\/\"><strong>Cremat\u00f3rio Veterin\u00e1rio Recanto da Paz<\/strong><\/a>\u00a0conta com estrutura completa para atender com comodidade e qualidade as necessidades de cada cliente, que buscam a empresa buscando o conforto de uma despedida digna para o seu amigo de estima\u00e7\u00e3o.<\/p>\n<div class=\"su-note\"  style=\"border-color:#dcdcdc;border-radius:3px;-moz-border-radius:3px;-webkit-border-radius:3px;\"><div class=\"su-note-inner su-u-clearfix su-u-trim\" style=\"background-color:#f6f6f6;border-color:#ffffff;color:#333333;border-radius:3px;-moz-border-radius:3px;-webkit-border-radius:3px;\"> <strong>As instala\u00e7\u00f5es contam com cremat\u00f3rio completo, destacando forno de \u00faltima gera\u00e7\u00e3o e c\u00e2maras resfriadas, sala de vel\u00f3rio, amplo estacionamento e ampla \u00e1rea arborizada<\/strong>.<\/div><\/div>\n<div class=\"su-table su-table-alternate\">\n<table>\n<tbody>\n<tr>\n<td>Servi\u00e7o de crema\u00e7\u00e3o individual e coletivo<\/td>\n<\/tr>\n<tr>\n<td>Servi\u00e7o de remo\u00e7\u00e3o<\/td>\n<\/tr>\n<tr>\n<td>Sala para vel\u00f3rio<\/td>\n<\/tr>\n<tr>\n<td>Urnas para crema\u00e7\u00e3o veterin\u00e1ria<\/td>\n<\/tr>\n<tr>\n<td>Certificado de crema\u00e7\u00e3o<\/td>\n<\/tr>\n<tr>\n<td>Estacionamento para clientes e convidados<\/td>\n<\/tr>\n<\/tbody>\n<\/table>\n<\/div>\n<div class=\"su-custom-gallery su-custom-gallery-align-left su-custom-gallery-title-hover su-lightbox-gallery\"><div class=\"su-custom-gallery-slide\" style=\"width:200px;height:150px\"><a href=\"https:\/\/crematoriorecantodapaz.com.br\/crematorioveterinario\/wp-content\/uploads\/2020\/06\/200.jpg\" title=\"Cremat\u00f3rio Veterin\u00e1rio Recanto da Paz\"><img loading=\"lazy\" decoding=\"async\" src=\"https:\/\/crematoriorecantodapaz.com.br\/crematorioveterinario\/wp-content\/uploads\/2020\/06\/200-200x150.jpg\" alt=\"Cremat\u00f3rio Veterin\u00e1rio Recanto da Paz\" width=\"200\" height=\"150\" \/><span class=\"su-custom-gallery-title\">Cremat\u00f3rio Veterin\u00e1rio Recanto da Paz<\/span><\/a><\/div><div class=\"su-custom-gallery-slide\" style=\"width:200px;height:150px\"><a href=\"https:\/\/crematoriorecantodapaz.com.br\/crematorioveterinario\/wp-content\/uploads\/2020\/06\/201.jpg\" title=\"Cremat\u00f3rio Veterin\u00e1rio Recanto da Paz\"><img loading=\"lazy\" decoding=\"async\" src=\"https:\/\/crematoriorecantodapaz.com.br\/crematorioveterinario\/wp-content\/uploads\/2020\/06\/201-200x150.jpg\" alt=\"Cremat\u00f3rio Veterin\u00e1rio Recanto da Paz\" width=\"200\" height=\"150\" \/><span class=\"su-custom-gallery-title\">Cremat\u00f3rio Veterin\u00e1rio Recanto da Paz<\/span><\/a><\/div><div class=\"su-custom-gallery-slide\" style=\"width:200px;height:150px\"><a href=\"https:\/\/crematoriorecantodapaz.com.br\/crematorioveterinario\/wp-content\/uploads\/2020\/06\/202.jpg\" title=\"Cremat\u00f3rio Veterin\u00e1rio Recanto da Paz\"><img loading=\"lazy\" decoding=\"async\" src=\"https:\/\/crematoriorecantodapaz.com.br\/crematorioveterinario\/wp-content\/uploads\/2020\/06\/202-200x150.jpg\" alt=\"Cremat\u00f3rio Veterin\u00e1rio Recanto da Paz\" width=\"200\" height=\"150\" \/><span class=\"su-custom-gallery-title\">Cremat\u00f3rio Veterin\u00e1rio Recanto da Paz<\/span><\/a><\/div><div class=\"su-custom-gallery-slide\" style=\"width:200px;height:150px\"><a href=\"https:\/\/crematoriorecantodapaz.com.br\/crematorioveterinario\/wp-content\/uploads\/2020\/06\/00.jpg\" title=\"Cremat\u00f3rio Recanto Da Paz\"><img loading=\"lazy\" decoding=\"async\" src=\"https:\/\/crematoriorecantodapaz.com.br\/crematorioveterinario\/wp-content\/uploads\/2020\/06\/00-200x150.jpg\" alt=\"Cremat\u00f3rio Recanto Da Paz\" width=\"200\" height=\"150\" \/><span class=\"su-custom-gallery-title\">Cremat\u00f3rio Recanto Da Paz<\/span><\/a><\/div><div class=\"su-custom-gallery-slide\" style=\"width:200px;height:150px\"><a href=\"https:\/\/crematoriorecantodapaz.com.br\/crematorioveterinario\/wp-content\/uploads\/2020\/06\/215.jpg\" title=\"Cremat\u00f3rio Veterin\u00e1rio Recanto da Paz\"><img loading=\"lazy\" decoding=\"async\" src=\"https:\/\/crematoriorecantodapaz.com.br\/crematorioveterinario\/wp-content\/uploads\/2020\/06\/215-200x150.jpg\" alt=\"Cremat\u00f3rio Veterin\u00e1rio Recanto da Paz\" width=\"200\" height=\"150\" \/><span class=\"su-custom-gallery-title\">Cremat\u00f3rio Veterin\u00e1rio Recanto da Paz<\/span><\/a><\/div><div class=\"su-custom-gallery-slide\" style=\"width:200px;height:150px\"><a href=\"https:\/\/crematoriorecantodapaz.com.br\/crematorioveterinario\/wp-content\/uploads\/2020\/06\/205.jpg\" title=\"Cremat\u00f3rio Veterin\u00e1rio Recanto da Paz\"><img loading=\"lazy\" decoding=\"async\" src=\"https:\/\/crematoriorecantodapaz.com.br\/crematorioveterinario\/wp-content\/uploads\/2020\/06\/205-200x150.jpg\" alt=\"Cremat\u00f3rio Veterin\u00e1rio Recanto da Paz\" width=\"200\" height=\"150\" \/><span class=\"su-custom-gallery-title\">Cremat\u00f3rio Veterin\u00e1rio Recanto da Paz<\/span><\/a><\/div><div class=\"su-custom-gallery-slide\" style=\"width:200px;height:150px\"><a href=\"https:\/\/crematoriorecantodapaz.com.br\/crematorioveterinario\/wp-content\/uploads\/2020\/06\/203.jpg\" title=\"Cremat\u00f3rio Veterin\u00e1rio Recanto da Paz\"><img loading=\"lazy\" decoding=\"async\" src=\"https:\/\/crematoriorecantodapaz.com.br\/crematorioveterinario\/wp-content\/uploads\/2020\/06\/203-200x150.jpg\" alt=\"Cremat\u00f3rio Veterin\u00e1rio Recanto da Paz\" width=\"200\" height=\"150\" \/><span class=\"su-custom-gallery-title\">Cremat\u00f3rio Veterin\u00e1rio Recanto da Paz<\/span><\/a><\/div><div class=\"su-custom-gallery-slide\" style=\"width:200px;height:150px\"><a href=\"https:\/\/crematoriorecantodapaz.com.br\/crematorioveterinario\/wp-content\/uploads\/2020\/06\/207.jpg\" title=\"Cremat\u00f3rio Veterin\u00e1rio Recanto da Paz\"><img loading=\"lazy\" decoding=\"async\" src=\"https:\/\/crematoriorecantodapaz.com.br\/crematorioveterinario\/wp-content\/uploads\/2020\/06\/207-200x150.jpg\" alt=\"Cremat\u00f3rio Veterin\u00e1rio Recanto da Paz\" width=\"200\" height=\"150\" \/><span class=\"su-custom-gallery-title\">Cremat\u00f3rio Veterin\u00e1rio Recanto da Paz<\/span><\/a><\/div><div class=\"su-custom-gallery-slide\" style=\"width:200px;height:150px\"><a href=\"https:\/\/crematoriorecantodapaz.com.br\/crematorioveterinario\/wp-content\/uploads\/2020\/06\/11.jpg\" title=\"Cremat\u00f3rio Recanto Da Paz\"><img loading=\"lazy\" decoding=\"async\" src=\"https:\/\/crematoriorecantodapaz.com.br\/crematorioveterinario\/wp-content\/uploads\/2020\/06\/11-200x150.jpg\" alt=\"Cremat\u00f3rio Recanto Da Paz\" width=\"200\" height=\"150\" \/><span class=\"su-custom-gallery-title\">Cremat\u00f3rio Recanto Da Paz<\/span><\/a><\/div><div class=\"su-custom-gallery-slide\" style=\"width:200px;height:150px\"><a href=\"https:\/\/crematoriorecantodapaz.com.br\/crematorioveterinario\/wp-content\/uploads\/2020\/06\/12.jpg\" title=\"Cremat\u00f3rio Recanto Da Paz\"><img loading=\"lazy\" decoding=\"async\" src=\"https:\/\/crematoriorecantodapaz.com.br\/crematorioveterinario\/wp-content\/uploads\/2020\/06\/12-200x150.jpg\" alt=\"Cremat\u00f3rio Recanto Da Paz\" width=\"200\" height=\"150\" \/><span class=\"su-custom-gallery-title\">Cremat\u00f3rio Recanto Da Paz<\/span><\/a><\/div><div class=\"su-custom-gallery-slide\" style=\"width:200px;height:150px\"><a href=\"https:\/\/crematoriorecantodapaz.com.br\/crematorioveterinario\/wp-content\/uploads\/2020\/06\/005.jpg\" title=\"Cremat\u00f3rio Recanto Da Paz\"><img loading=\"lazy\" decoding=\"async\" src=\"https:\/\/crematoriorecantodapaz.com.br\/crematorioveterinario\/wp-content\/uploads\/2020\/06\/005-200x150.jpg\" alt=\"Cremat\u00f3rio Recanto Da Paz\" width=\"200\" height=\"150\" \/><span class=\"su-custom-gallery-title\">Cremat\u00f3rio Recanto Da Paz<\/span><\/a><\/div><div class=\"su-custom-gallery-slide\" style=\"width:200px;height:150px\"><a href=\"https:\/\/crematoriorecantodapaz.com.br\/crematorioveterinario\/wp-content\/uploads\/2020\/06\/218.jpg\" title=\"Sala de Vel\u00f3rio Cremat\u00f3rio Veterin\u00e1rio Recanto da Paz\"><img loading=\"lazy\" decoding=\"async\" src=\"https:\/\/crematoriorecantodapaz.com.br\/crematorioveterinario\/wp-content\/uploads\/2020\/06\/218-200x150.jpg\" alt=\"Sala de Vel\u00f3rio Cremat\u00f3rio Veterin\u00e1rio Recanto da Paz\" width=\"200\" height=\"150\" \/><span class=\"su-custom-gallery-title\">Sala de Vel\u00f3rio Cremat\u00f3rio Veterin\u00e1rio Recanto da Paz<\/span><\/a><\/div><div class=\"su-custom-gallery-slide\" style=\"width:200px;height:150px\"><a href=\"https:\/\/crematoriorecantodapaz.com.br\/crematorioveterinario\/wp-content\/uploads\/2020\/06\/001.jpg\" title=\"Cremat\u00f3rio Recanto Da Paz\"><img loading=\"lazy\" decoding=\"async\" src=\"https:\/\/crematoriorecantodapaz.com.br\/crematorioveterinario\/wp-content\/uploads\/2020\/06\/001-200x150.jpg\" alt=\"Cremat\u00f3rio Recanto Da Paz\" width=\"200\" height=\"150\" \/><span class=\"su-custom-gallery-title\">Cremat\u00f3rio Recanto Da Paz<\/span><\/a><\/div><div class=\"su-custom-gallery-slide\" style=\"width:200px;height:150px\"><a href=\"https:\/\/crematoriorecantodapaz.com.br\/crematorioveterinario\/wp-content\/uploads\/2020\/06\/003.jpg\" title=\"Cremat\u00f3rio Recanto Da Paz\"><img loading=\"lazy\" decoding=\"async\" src=\"https:\/\/crematoriorecantodapaz.com.br\/crematorioveterinario\/wp-content\/uploads\/2020\/06\/003-200x150.jpg\" alt=\"Cremat\u00f3rio Recanto Da Paz\" width=\"200\" height=\"150\" \/><span class=\"su-custom-gallery-title\">Cremat\u00f3rio Recanto Da Paz<\/span><\/a><\/div><div class=\"su-custom-gallery-slide\" style=\"width:200px;height:150px\"><a href=\"https:\/\/crematoriorecantodapaz.com.br\/crematorioveterinario\/wp-content\/uploads\/2020\/06\/004.jpg\" title=\"Cremat\u00f3rio Recanto Da Paz\"><img loading=\"lazy\" decoding=\"async\" src=\"https:\/\/crematoriorecantodapaz.com.br\/crematorioveterinario\/wp-content\/uploads\/2020\/06\/004-200x150.jpg\" alt=\"Cremat\u00f3rio Recanto Da Paz\" width=\"200\" height=\"150\" \/><span class=\"su-custom-gallery-title\">Cremat\u00f3rio Recanto Da Paz<\/span><\/a><\/div><div class=\"su-custom-gallery-slide\" style=\"width:200px;height:150px\"><a href=\"https:\/\/crematoriorecantodapaz.com.br\/crematorioveterinario\/wp-content\/uploads\/2020\/06\/210.jpg\" title=\"Cremat\u00f3rio Veterin\u00e1rio Recanto da Paz\"><img loading=\"lazy\" decoding=\"async\" src=\"https:\/\/crematoriorecantodapaz.com.br\/crematorioveterinario\/wp-content\/uploads\/2020\/06\/210-200x150.jpg\" alt=\"Cremat\u00f3rio Veterin\u00e1rio Recanto da Paz\" width=\"200\" height=\"150\" \/><span class=\"su-custom-gallery-title\">Cremat\u00f3rio Veterin\u00e1rio Recanto da Paz<\/span><\/a><\/div><div class=\"su-custom-gallery-slide\" style=\"width:200px;height:150px\"><a href=\"https:\/\/crematoriorecantodapaz.com.br\/crematorioveterinario\/wp-content\/uploads\/2020\/06\/002.jpg\" title=\"Cremat\u00f3rio Recanto Da Paz\"><img loading=\"lazy\" decoding=\"async\" src=\"https:\/\/crematoriorecantodapaz.com.br\/crematorioveterinario\/wp-content\/uploads\/2020\/06\/002-200x150.jpg\" alt=\"Cremat\u00f3rio Recanto Da Paz\" width=\"200\" height=\"150\" \/><span class=\"su-custom-gallery-title\">Cremat\u00f3rio Recanto Da Paz<\/span><\/a><\/div><div class=\"su-custom-gallery-slide\" style=\"width:200px;height:150px\"><a href=\"https:\/\/crematoriorecantodapaz.com.br\/crematorioveterinario\/wp-content\/uploads\/2020\/06\/007a.jpg\" title=\"Cremat\u00f3rio Recanto Da Paz\"><img loading=\"lazy\" decoding=\"async\" src=\"https:\/\/crematoriorecantodapaz.com.br\/crematorioveterinario\/wp-content\/uploads\/2020\/06\/007a-200x150.jpg\" alt=\"Cremat\u00f3rio Recanto Da Paz\" width=\"200\" height=\"150\" \/><span class=\"su-custom-gallery-title\">Cremat\u00f3rio Recanto Da Paz<\/span><\/a><\/div><div class=\"su-custom-gallery-slide\" style=\"width:200px;height:150px\"><a href=\"https:\/\/crematoriorecantodapaz.com.br\/crematorioveterinario\/wp-content\/uploads\/2020\/06\/007.jpg\" title=\"Cremat\u00f3rio Recanto Da Paz\"><img loading=\"lazy\" decoding=\"async\" src=\"https:\/\/crematoriorecantodapaz.com.br\/crematorioveterinario\/wp-content\/uploads\/2020\/06\/007-200x150.jpg\" alt=\"Cremat\u00f3rio Recanto Da Paz\" width=\"200\" height=\"150\" \/><span class=\"su-custom-gallery-title\">Cremat\u00f3rio Recanto Da Paz<\/span><\/a><\/div><div class=\"su-custom-gallery-slide\" style=\"width:200px;height:150px\"><a href=\"https:\/\/crematoriorecantodapaz.com.br\/crematorioveterinario\/wp-content\/uploads\/2020\/06\/208.jpg\" title=\"Estacionamento\"><img loading=\"lazy\" decoding=\"async\" src=\"https:\/\/crematoriorecantodapaz.com.br\/crematorioveterinario\/wp-content\/uploads\/2020\/06\/208-200x150.jpg\" alt=\"Estacionamento\" width=\"200\" height=\"150\" \/><span class=\"su-custom-gallery-title\">Estacionamento<\/span><\/a><\/div><div class=\"su-clear\"><\/div><\/div>\n<p>&nbsp;<\/p>\n<div class=\"su-note\"  style=\"border-color:#dcdcdc;border-radius:3px;-moz-border-radius:3px;-webkit-border-radius:3px;\"><div class=\"su-note-inner su-u-clearfix su-u-trim\" style=\"background-color:#f6f6f6;border-color:#ffffff;color:#333333;border-radius:3px;-moz-border-radius:3px;-webkit-border-radius:3px;\">\n<h2>Crema\u00e7\u00e3o: uma atitude respeito aos animais e ao meio ambiente!<\/h2>\n<p>Somos o \u00fanico cremat\u00f3rio <em>pet<\/em> da regi\u00e3o serrana do RJ!<br \/>\nSomos especializados em proporcionar uma despedida com dignidade e respeito \u00e0queles que trouxeram tanta felicidade a seus donos.<br \/>\nA crema\u00e7\u00e3o \u00e9 o meio mais correto e ecologicamente correto a se fazer quando o <em>pet<\/em> vem a \u00f3bito. N\u00e3o enterre, fa\u00e7a a crema\u00e7\u00e3o.<br \/>\nDisponibilizamos valores acess\u00edveis para todos, <a href=\"https:\/\/crematoriorecantodapaz.com.br\/crematorioveterinario\/contato\/\">entre em contato<\/a>! <\/div><\/div>\n<p><img loading=\"lazy\" decoding=\"async\" class=\"aligncenter size-full wp-image-169\" src=\"https:\/\/crematoriorecantodapaz.com.br\/crematorioveterinario\/wp-content\/uploads\/2020\/06\/banner2.png\" alt=\"\" width=\"785\" height=\"219\" srcset=\"https:\/\/crematoriorecantodapaz.com.br\/crematorioveterinario\/wp-content\/uploads\/2020\/06\/banner2.png 785w, https:\/\/crematoriorecantodapaz.com.br\/crematorioveterinario\/wp-content\/uploads\/2020\/06\/banner2-300x84.png 300w, https:\/\/crematoriorecantodapaz.com.br\/crematorioveterinario\/wp-content\/uploads\/2020\/06\/banner2-768x214.png 768w\" sizes=\"auto, (max-width: 785px) 100vw, 785px\" \/><\/p>\n<p>&nbsp;<\/p>\n<p>&nbsp;<\/p>\n","protected":false},"excerpt":{"rendered":"<p>O Cremat\u00f3rio Veterin\u00e1rio Recanto da Paz\u00a0est\u00e1 localizado em Corr\u00eaas, na cidade de Petr\u00f3polis, a apenas 68 km do Rio de Janeiro. Instalado em bela verde, repleta de natureza ao redor e bel\u00edssima vista para as montanhas da regi\u00e3o, o Cremat\u00f3rio Veterin\u00e1rio Recanto da Paz\u00a0conta com estrutura completa para atender com comodidade e qualidade as necessidades de cada cliente, que buscam a empresa buscando o conforto de uma despedida digna para o seu amigo de estima\u00e7\u00e3o. &nbsp; &nbsp; &nbsp;<\/p>\n","protected":false},"author":1,"featured_media":0,"parent":0,"menu_order":0,"comment_status":"closed","ping_status":"closed","template":"","meta":{"footnotes":"","_links_to":"","_links_to_target":""},"class_list":["post-18","page","type-page","status-publish","hentry"],"_links":{"self":[{"href":"https:\/\/crematoriorecantodapaz.com.br\/crematorioveterinario\/wp-json\/wp\/v2\/pages\/18","targetHints":{"allow":["GET"]}}],"collection":[{"href":"https:\/\/crematoriorecantodapaz.com.br\/crematorioveterinario\/wp-json\/wp\/v2\/pages"}],"about":[{"href":"https:\/\/crematoriorecantodapaz.com.br\/crematorioveterinario\/wp-json\/wp\/v2\/types\/page"}],"author":[{"embeddable":true,"href":"https:\/\/crematoriorecantodapaz.com.br\/crematorioveterinario\/wp-json\/wp\/v2\/users\/1"}],"replies":[{"embeddable":true,"href":"https:\/\/crematoriorecantodapaz.com.br\/crematorioveterinario\/wp-json\/wp\/v2\/comments?post=18"}],"version-history":[{"count":15,"href":"https:\/\/crematoriorecantodapaz.com.br\/crematorioveterinario\/wp-json\/wp\/v2\/pages\/18\/revisions"}],"predecessor-version":[{"id":347,"href":"https:\/\/crematoriorecantodapaz.com.br\/crematorioveterinario\/wp-json\/wp\/v2\/pages\/18\/revisions\/347"}],"wp:attachment":[{"href":"https:\/\/crematoriorecantodapaz.com.br\/crematorioveterinario\/wp-json\/wp\/v2\/media?parent=18"}],"curies":[{"name":"wp","href":"https:\/\/api.w.org\/{rel}","templated":true}]}}