{"id":10,"date":"2020-06-05T13:46:34","date_gmt":"2020-06-05T16:46:34","guid":{"rendered":"https:\/\/crematoriorecantodapaz.com.br\/crematorioveterinario\/?page_id=10"},"modified":"2020-07-23T09:37:55","modified_gmt":"2020-07-23T12:37:55","slug":"urnas","status":"publish","type":"page","link":"https:\/\/crematoriorecantodapaz.com.br\/crematorioveterinario\/urnas\/","title":{"rendered":"Urnas"},"content":{"rendered":"<p>Alem de servi\u00e7o de crema\u00e7\u00e3o &#8211; individual ou coletiva &#8211; o <a href=\"https:\/\/crematoriorecantodapaz.com.br\/crematorioveterinario\/a-empresa\/\"><strong>Cremat\u00f3rio Veterin\u00e1rio Recanto da Paz<\/strong><\/a> disp\u00f5e de v\u00e1rios modelos de urnas que podem ser escolhidas e adquiridas por nossos clientes no pr\u00f3prio cremat\u00f3rio, uma forma ecol\u00f3gica de levar para sua casa ou jardim a lembran\u00e7a do seu pet.<\/p>\n<div class=\"su-custom-gallery su-custom-gallery-align-left su-custom-gallery-title-hover su-lightbox-gallery\"><div class=\"su-custom-gallery-slide\" style=\"width:200px;height:150px\"><a href=\"https:\/\/crematoriorecantodapaz.com.br\/crematorioveterinario\/wp-content\/uploads\/2020\/06\/Urna-Marmore-Carrara-imagem.jpg\" title=\"Urna em M\u00e1rmore de Carrara com Imagem  de S\u00e3o Francisco de Assis\"><img loading=\"lazy\" decoding=\"async\" src=\"https:\/\/crematoriorecantodapaz.com.br\/crematorioveterinario\/wp-content\/uploads\/2020\/06\/Urna-Marmore-Carrara-imagem-200x150.jpg\" alt=\"Urna em M\u00e1rmore de Carrara com Imagem  de S\u00e3o Francisco de Assis\" width=\"200\" height=\"150\" \/><span class=\"su-custom-gallery-title\">Urna em M\u00e1rmore de Carrara com Imagem  de S\u00e3o Francisco de Assis<\/span><\/a><\/div><div class=\"su-custom-gallery-slide\" style=\"width:200px;height:150px\"><a href=\"https:\/\/crematoriorecantodapaz.com.br\/crematorioveterinario\/wp-content\/uploads\/2020\/06\/memorial_azul.jpg\" title=\"Memorial Azul\"><img loading=\"lazy\" decoding=\"async\" src=\"https:\/\/crematoriorecantodapaz.com.br\/crematorioveterinario\/wp-content\/uploads\/2020\/06\/memorial_azul-200x150.jpg\" alt=\"Memorial Azul\" width=\"200\" height=\"150\" \/><span class=\"su-custom-gallery-title\">Memorial Azul<\/span><\/a><\/div><div class=\"su-custom-gallery-slide\" style=\"width:200px;height:150px\"><a href=\"https:\/\/crematoriorecantodapaz.com.br\/crematorioveterinario\/wp-content\/uploads\/2020\/06\/Urna-Porta-Retrato-hiorizin.jpg\" title=\"Urna Porta Retrato Horizontal\"><img loading=\"lazy\" decoding=\"async\" src=\"https:\/\/crematoriorecantodapaz.com.br\/crematorioveterinario\/wp-content\/uploads\/2020\/06\/Urna-Porta-Retrato-hiorizin-200x150.jpg\" alt=\"Urna Porta Retrato Horizontal\" width=\"200\" height=\"150\" \/><span class=\"su-custom-gallery-title\">Urna Porta Retrato Horizontal<\/span><\/a><\/div><div class=\"su-custom-gallery-slide\" style=\"width:200px;height:150px\"><a href=\"https:\/\/crematoriorecantodapaz.com.br\/crematorioveterinario\/wp-content\/uploads\/2020\/06\/urna_eco3.jpg\" title=\"Urna Eco\"><img loading=\"lazy\" decoding=\"async\" src=\"https:\/\/crematoriorecantodapaz.com.br\/crematorioveterinario\/wp-content\/uploads\/2020\/06\/urna_eco3-200x150.jpg\" alt=\"Urna Eco\" width=\"200\" height=\"150\" \/><span class=\"su-custom-gallery-title\">Urna Eco<\/span><\/a><\/div><div class=\"su-custom-gallery-slide\" style=\"width:200px;height:150px\"><a href=\"https:\/\/crematoriorecantodapaz.com.br\/crematorioveterinario\/wp-content\/uploads\/2020\/06\/urna_eco1.jpg\" title=\"Urna Eco\"><img loading=\"lazy\" decoding=\"async\" src=\"https:\/\/crematoriorecantodapaz.com.br\/crematorioveterinario\/wp-content\/uploads\/2020\/06\/urna_eco1-200x150.jpg\" alt=\"Urna Eco\" width=\"200\" height=\"150\" \/><span class=\"su-custom-gallery-title\">Urna Eco<\/span><\/a><\/div><div class=\"su-custom-gallery-slide\" style=\"width:200px;height:150px\"><a href=\"https:\/\/crematoriorecantodapaz.com.br\/crematorioveterinario\/wp-content\/uploads\/2020\/06\/urna_eco2.jpg\" title=\"Urna Eco &#8211; Detalhe\"><img loading=\"lazy\" decoding=\"async\" src=\"https:\/\/crematoriorecantodapaz.com.br\/crematorioveterinario\/wp-content\/uploads\/2020\/06\/urna_eco2-200x150.jpg\" alt=\"Urna Eco &#8211; Detalhe\" width=\"200\" height=\"150\" \/><span class=\"su-custom-gallery-title\">Urna Eco &#8211; Detalhe<\/span><\/a><\/div><div class=\"su-custom-gallery-slide\" style=\"width:200px;height:150px\"><a href=\"https:\/\/crematoriorecantodapaz.com.br\/crematorioveterinario\/wp-content\/uploads\/2020\/06\/Urna-Porta-Retrato-Vertical.jpg\" title=\"Urna Porta Retrato Vertical\"><img loading=\"lazy\" decoding=\"async\" src=\"https:\/\/crematoriorecantodapaz.com.br\/crematorioveterinario\/wp-content\/uploads\/2020\/06\/Urna-Porta-Retrato-Vertical-200x150.jpg\" alt=\"Urna Porta Retrato Vertical\" width=\"200\" height=\"150\" \/><span class=\"su-custom-gallery-title\">Urna Porta Retrato Vertical<\/span><\/a><\/div><div class=\"su-custom-gallery-slide\" style=\"width:200px;height:150px\"><a href=\"https:\/\/crematoriorecantodapaz.com.br\/crematorioveterinario\/wp-content\/uploads\/2020\/06\/Urna-gatinho-na-cestinha.jpg\" title=\"Urna Gatinho na Cestinha\"><img loading=\"lazy\" decoding=\"async\" src=\"https:\/\/crematoriorecantodapaz.com.br\/crematorioveterinario\/wp-content\/uploads\/2020\/06\/Urna-gatinho-na-cestinha-200x150.jpg\" alt=\"Urna Gatinho na Cestinha\" width=\"200\" height=\"150\" \/><span class=\"su-custom-gallery-title\">Urna Gatinho na Cestinha<\/span><\/a><\/div><div class=\"su-custom-gallery-slide\" style=\"width:200px;height:150px\"><a href=\"https:\/\/crematoriorecantodapaz.com.br\/crematorioveterinario\/wp-content\/uploads\/2020\/06\/urna-caozinha-ceramnica.jpg\" title=\"Urna C\u00e3ozinho, Em Cer\u00e2mica\"><img loading=\"lazy\" decoding=\"async\" src=\"https:\/\/crematoriorecantodapaz.com.br\/crematorioveterinario\/wp-content\/uploads\/2020\/06\/urna-caozinha-ceramnica-200x150.jpg\" alt=\"Urna C\u00e3ozinho, Em Cer\u00e2mica\" width=\"200\" height=\"150\" \/><span class=\"su-custom-gallery-title\">Urna C\u00e3ozinho, Em Cer\u00e2mica<\/span><\/a><\/div><div class=\"su-custom-gallery-slide\" style=\"width:200px;height:150px\"><a href=\"https:\/\/crematoriorecantodapaz.com.br\/crematorioveterinario\/wp-content\/uploads\/2020\/06\/Urna-Anjinho-na-cestinha.jpg\" title=\"Urna Anjinho Na Cestinha\"><img loading=\"lazy\" decoding=\"async\" src=\"https:\/\/crematoriorecantodapaz.com.br\/crematorioveterinario\/wp-content\/uploads\/2020\/06\/Urna-Anjinho-na-cestinha-200x150.jpg\" alt=\"Urna Anjinho Na Cestinha\" width=\"200\" height=\"150\" \/><span class=\"su-custom-gallery-title\">Urna Anjinho Na Cestinha<\/span><\/a><\/div><div class=\"su-custom-gallery-slide\" style=\"width:200px;height:150px\"><a href=\"https:\/\/crematoriorecantodapaz.com.br\/crematorioveterinario\/wp-content\/uploads\/2020\/06\/uena-coracao-ceramica.jpg\" title=\"Urna Cora\u00e7\u00e3o, em cer\u00e2mica\"><img loading=\"lazy\" decoding=\"async\" src=\"https:\/\/crematoriorecantodapaz.com.br\/crematorioveterinario\/wp-content\/uploads\/2020\/06\/uena-coracao-ceramica-200x150.jpg\" alt=\"Urna Cora\u00e7\u00e3o, em cer\u00e2mica\" width=\"200\" height=\"150\" \/><span class=\"su-custom-gallery-title\">Urna Cora\u00e7\u00e3o, em cer\u00e2mica<\/span><\/a><\/div><div class=\"su-clear\"><\/div><\/div>\n<div class=\"su-note\"  style=\"border-color:#dcdcdc;border-radius:3px;-moz-border-radius:3px;-webkit-border-radius:3px;\"><div class=\"su-note-inner su-u-clearfix su-u-trim\" style=\"background-color:#f6f6f6;border-color:#ffffff;color:#333333;border-radius:3px;-moz-border-radius:3px;-webkit-border-radius:3px;\">\n<h2>Crema\u00e7\u00e3o: uma atitude respeito aos animais e ao meio ambiente!<\/h2>\n<p>Somos o \u00fanico cremat\u00f3rio pet da regi\u00e3o serrana do RJ!<br \/>\nSomos especializados em proporcionar uma despedida com dignidade e respeito \u00e0queles que trouxeram tanta felicidade a seus donos.<br \/>\nA crema\u00e7\u00e3o \u00e9 o meio mais correto e ecologicamente correto a se fazer quando o pet vem a \u00f3bito. N\u00e3o enterre, fa\u00e7a a crema\u00e7\u00e3o. Disponibilizamos valores acess\u00edveis para todos! <\/div><\/div>\n<p><img loading=\"lazy\" decoding=\"async\" class=\"aligncenter size-full wp-image-169\" src=\"https:\/\/crematoriorecantodapaz.com.br\/crematorioveterinario\/wp-content\/uploads\/2020\/06\/banner2.png\" alt=\"\" width=\"785\" height=\"219\" srcset=\"https:\/\/crematoriorecantodapaz.com.br\/crematorioveterinario\/wp-content\/uploads\/2020\/06\/banner2.png 785w, https:\/\/crematoriorecantodapaz.com.br\/crematorioveterinario\/wp-content\/uploads\/2020\/06\/banner2-300x84.png 300w, https:\/\/crematoriorecantodapaz.com.br\/crematorioveterinario\/wp-content\/uploads\/2020\/06\/banner2-768x214.png 768w\" sizes=\"auto, (max-width: 785px) 100vw, 785px\" \/><\/p>\n","protected":false},"excerpt":{"rendered":"<p>Alem de servi\u00e7o de crema\u00e7\u00e3o &#8211; individual ou coletiva &#8211; o Cremat\u00f3rio Veterin\u00e1rio Recanto da Paz disp\u00f5e de v\u00e1rios modelos de urnas que podem ser escolhidas e adquiridas por nossos clientes no pr\u00f3prio cremat\u00f3rio, uma forma ecol\u00f3gica de levar para sua casa ou jardim a lembran\u00e7a do seu pet.<\/p>\n","protected":false},"author":1,"featured_media":0,"parent":0,"menu_order":0,"comment_status":"closed","ping_status":"closed","template":"","meta":{"footnotes":"","_links_to":"","_links_to_target":""},"class_list":["post-10","page","type-page","status-publish","hentry"],"_links":{"self":[{"href":"https:\/\/crematoriorecantodapaz.com.br\/crematorioveterinario\/wp-json\/wp\/v2\/pages\/10","targetHints":{"allow":["GET"]}}],"collection":[{"href":"https:\/\/crematoriorecantodapaz.com.br\/crematorioveterinario\/wp-json\/wp\/v2\/pages"}],"about":[{"href":"https:\/\/crematoriorecantodapaz.com.br\/crematorioveterinario\/wp-json\/wp\/v2\/types\/page"}],"author":[{"embeddable":true,"href":"https:\/\/crematoriorecantodapaz.com.br\/crematorioveterinario\/wp-json\/wp\/v2\/users\/1"}],"replies":[{"embeddable":true,"href":"https:\/\/crematoriorecantodapaz.com.br\/crematorioveterinario\/wp-json\/wp\/v2\/comments?post=10"}],"version-history":[{"count":13,"href":"https:\/\/crematoriorecantodapaz.com.br\/crematorioveterinario\/wp-json\/wp\/v2\/pages\/10\/revisions"}],"predecessor-version":[{"id":361,"href":"https:\/\/crematoriorecantodapaz.com.br\/crematorioveterinario\/wp-json\/wp\/v2\/pages\/10\/revisions\/361"}],"wp:attachment":[{"href":"https:\/\/crematoriorecantodapaz.com.br\/crematorioveterinario\/wp-json\/wp\/v2\/media?parent=10"}],"curies":[{"name":"wp","href":"https:\/\/api.w.org\/{rel}","templated":true}]}}